{"id":160,"date":"2024-05-03T14:08:52","date_gmt":"2024-05-03T18:08:52","guid":{"rendered":"https:\/\/www.casamercado.store\/anzoategui\/?page_id=160"},"modified":"2024-10-05T12:04:38","modified_gmt":"2024-10-05T16:04:38","slug":"zonas-de-despacho","status":"publish","type":"page","link":"https:\/\/www.casamercado.store\/anzoategui\/zonas-de-despacho\/","title":{"rendered":"Zonas de Despacho"},"content":{"rendered":"\t\t<div data-elementor-type=\"wp-page\" data-elementor-id=\"160\" class=\"elementor elementor-160\">\n\t\t\t\t<div class=\"elementor-element elementor-element-c748b02 e-flex e-con-boxed e-con e-parent\" data-id=\"c748b02\" data-element_type=\"container\">\n\t\t\t\t\t<div class=\"e-con-inner\">\n\t\t\t\t<div class=\"elementor-element elementor-element-7951e0c elementor-widget elementor-widget-spacer\" data-id=\"7951e0c\" data-element_type=\"widget\" data-widget_type=\"spacer.default\">\n\t\t\t\t<div class=\"elementor-widget-container\">\n\t\t\t\t\t<div class=\"elementor-spacer\">\n\t\t\t<div class=\"elementor-spacer-inner\"><\/div>\n\t\t<\/div>\n\t\t\t\t<\/div>\n\t\t\t\t<\/div>\n\t\t\t\t<div class=\"elementor-element elementor-element-b799471 elementor-widget elementor-widget-heading\" data-id=\"b799471\" data-element_type=\"widget\" data-widget_type=\"heading.default\">\n\t\t\t\t<div class=\"elementor-widget-container\">\n\t\t\t<h2 class=\"elementor-heading-title elementor-size-default\">Zonas de Despacho Anzo\u00e1tegui<\/h2>\t\t<\/div>\n\t\t\t\t<\/div>\n\t\t\t\t<div class=\"elementor-element elementor-element-69a3c67 elementor-widget elementor-widget-spacer\" data-id=\"69a3c67\" data-element_type=\"widget\" data-widget_type=\"spacer.default\">\n\t\t\t\t<div class=\"elementor-widget-container\">\n\t\t\t\t\t<div class=\"elementor-spacer\">\n\t\t\t<div class=\"elementor-spacer-inner\"><\/div>\n\t\t<\/div>\n\t\t\t\t<\/div>\n\t\t\t\t<\/div>\n\t\t\t\t<div class=\"elementor-element elementor-element-e62a30a elementor-widget elementor-widget-text-editor\" data-id=\"e62a30a\" data-element_type=\"widget\" data-widget_type=\"text-editor.default\">\n\t\t\t\t<div class=\"elementor-widget-container\">\n\t\t\t\t\t\t\t<p style=\"text-align: left;\">Estimado cliente, aqu\u00ed encontrara las zonas de cobertura espec\u00edficas del <strong>Estado Anzo\u00e1tegui<\/strong>.<\/p><p style=\"text-align: left;\">Si el sector donde reside el beneficiario no est\u00e1 dentro de estas \u00e1reas de cobertura, por favor comunicarse con nuestro equipo de atenci\u00f3n al cliente para buscar una alternativa.<\/p><p>Consulte el siguiente listado antes de realizar su pedido:<\/p>\t\t\t\t\t\t<\/div>\n\t\t\t\t<\/div>\n\t\t\t\t<div class=\"elementor-element elementor-element-d7c341b elementor-widget elementor-widget-toggle\" data-id=\"d7c341b\" data-element_type=\"widget\" data-widget_type=\"toggle.default\">\n\t\t\t\t<div class=\"elementor-widget-container\">\n\t\t\t\t\t<div class=\"elementor-toggle\">\n\t\t\t\t\t\t\t<div class=\"elementor-toggle-item\">\n\t\t\t\t\t<div id=\"elementor-tab-title-2261\" class=\"elementor-tab-title\" data-tab=\"1\" role=\"button\" aria-controls=\"elementor-tab-content-2261\" aria-expanded=\"false\">\n\t\t\t\t\t\t\t\t\t\t\t\t<span class=\"elementor-toggle-icon elementor-toggle-icon-left\" aria-hidden=\"true\">\n\t\t\t\t\t\t\t\t\t\t\t\t\t\t\t<span class=\"elementor-toggle-icon-closed\"><svg class=\"e-font-icon-svg e-fas-chevron-right\" viewBox=\"0 0 320 512\" xmlns=\"http:\/\/www.w3.org\/2000\/svg\"><path d=\"M285.476 272.971L91.132 467.314c-9.373 9.373-24.569 9.373-33.941 0l-22.667-22.667c-9.357-9.357-9.375-24.522-.04-33.901L188.505 256 34.484 101.255c-9.335-9.379-9.317-24.544.04-33.901l22.667-22.667c9.373-9.373 24.569-9.373 33.941 0L285.475 239.03c9.373 9.372 9.373 24.568.001 33.941z\"><\/path><\/svg><\/span>\n\t\t\t\t\t\t\t\t<span class=\"elementor-toggle-icon-opened\"><svg class=\"elementor-toggle-icon-opened e-font-icon-svg e-fas-check\" viewBox=\"0 0 512 512\" xmlns=\"http:\/\/www.w3.org\/2000\/svg\"><path d=\"M173.898 439.404l-166.4-166.4c-9.997-9.997-9.997-26.206 0-36.204l36.203-36.204c9.997-9.998 26.207-9.998 36.204 0L192 312.69 432.095 72.596c9.997-9.997 26.207-9.997 36.204 0l36.203 36.204c9.997 9.997 9.997 26.206 0 36.204l-294.4 294.401c-9.998 9.997-26.207 9.997-36.204-.001z\"><\/path><\/svg><\/span>\n\t\t\t\t\t\t\t\t\t\t\t\t\t<\/span>\n\t\t\t\t\t\t\t\t\t\t\t\t<a class=\"elementor-toggle-title\" tabindex=\"0\">Barcelona<\/a>\n\t\t\t\t\t<\/div>\n\n\t\t\t\t\t<div id=\"elementor-tab-content-2261\" class=\"elementor-tab-content elementor-clearfix\" data-tab=\"1\" role=\"region\" aria-labelledby=\"elementor-tab-title-2261\"><ul><li>Avenida Cumanagoto<\/li><li>Barrio 29 de Marzo<\/li><li>Barrio Aduana<\/li><li>Barrio Angostura<\/li><li>Barrio Bol\u00edvar<\/li><li>Barrio Brisas Del Mar<\/li><li>Barrio Corea<\/li><li>Barrio Cruz Verde<\/li><li>Barrio El Espejo<\/li><li>Barrio Fern\u00e1ndez Padillas<\/li><li>Barrio Guamachito<\/li><li>Barrio La Aduana<\/li><li>Barrio Obrero<\/li><li>Barrio Portugalen<\/li><li>Barrio Sim\u00f3n Bol\u00edvar<\/li><li>Barrio Sucre<\/li><li>Barrio Universitario\u00a0<\/li><li>Boyac\u00e1<\/li><li>Brisas del Mar<\/li><li>Casco Central De Barcelona<\/li><li>Cayaurima<\/li><li>Cerro Venezuela<\/li><li>Colinas Del Neveri<\/li><li>El Cardonal<\/li><li>El Esfuerzo<\/li><li>Las Casitas<\/li><li>Pol\u00edgono de Tiro<\/li><li>Residencias Casa Real<\/li><li>Sector Cruz Verde<\/li><li>Sector La Chica<\/li><li>Boyaca I<\/li><li>Boyaca II<\/li><li>Boyaca III<\/li><li>Boyaca IV<\/li><li>Boyaca V<\/li><li>Boyaca VI<\/li><li>Urbanizaci\u00f3n Brisas Del Mar<\/li><li>Urbanizaci\u00f3n Colinas Del Rio<\/li><li>Urbanizaci\u00f3n El Cortijo<\/li><li>Urbanizaci\u00f3n El Ingenio<\/li><li>Urbanizaci\u00f3n El refugio<\/li><li>Urbanizaci\u00f3n El Saman<\/li><li>Urbanizaci\u00f3n El Tamarindo<\/li><li>Urbanizaci\u00f3n El Tronconal II<\/li><li>Urbanizaci\u00f3n El Tronconal III<\/li><li>Urbanizaci\u00f3n Fundaci\u00f3n Mendoza Manzana 21<\/li><li>Urbanizaci\u00f3n Fundaci\u00f3n Mendoza\u00a0<\/li><li>Urbanizaci\u00f3n La Encanta<\/li><li>Urbanizaci\u00f3n La Monta\u00f1ita<\/li><li>Urbanizaci\u00f3n Las Gracias<\/li><li>Urbanizaci\u00f3n Las Morochas<\/li><li>Urbanizaci\u00f3n Los Manglares<\/li><li>Urbanizaci\u00f3n Los Rosales<\/li><li>Urbanizaci\u00f3n Mendoza<\/li><li>Urbanizaci\u00f3n Paparoni<\/li><li>Urbanizaci\u00f3n Paseo Cumanagoto<\/li><li>Urbanizaci\u00f3n Playa Mar<\/li><li>Urbanizaci\u00f3n Rafael Caldera<\/li><li>Urbanizaci\u00f3n Rio<\/li><li>Urbanizaci\u00f3n San Obrero<\/li><li>Urbanizaci\u00f3n Terrazas del Mar<\/li><li>Urbanizaci\u00f3n Tricentenaria<\/li><li>Urbanizaci\u00f3n Urdaneta<\/li><li>V\u00eda Alterna<\/li><li>Av. Intercomunal<\/li><\/ul><\/div>\n\t\t\t\t<\/div>\n\t\t\t\t\t\t\t<div class=\"elementor-toggle-item\">\n\t\t\t\t\t<div id=\"elementor-tab-title-2262\" class=\"elementor-tab-title\" data-tab=\"2\" role=\"button\" aria-controls=\"elementor-tab-content-2262\" aria-expanded=\"false\">\n\t\t\t\t\t\t\t\t\t\t\t\t<span class=\"elementor-toggle-icon elementor-toggle-icon-left\" aria-hidden=\"true\">\n\t\t\t\t\t\t\t\t\t\t\t\t\t\t\t<span class=\"elementor-toggle-icon-closed\"><svg class=\"e-font-icon-svg e-fas-chevron-right\" viewBox=\"0 0 320 512\" xmlns=\"http:\/\/www.w3.org\/2000\/svg\"><path d=\"M285.476 272.971L91.132 467.314c-9.373 9.373-24.569 9.373-33.941 0l-22.667-22.667c-9.357-9.357-9.375-24.522-.04-33.901L188.505 256 34.484 101.255c-9.335-9.379-9.317-24.544.04-33.901l22.667-22.667c9.373-9.373 24.569-9.373 33.941 0L285.475 239.03c9.373 9.372 9.373 24.568.001 33.941z\"><\/path><\/svg><\/span>\n\t\t\t\t\t\t\t\t<span class=\"elementor-toggle-icon-opened\"><svg class=\"elementor-toggle-icon-opened e-font-icon-svg e-fas-check\" viewBox=\"0 0 512 512\" xmlns=\"http:\/\/www.w3.org\/2000\/svg\"><path d=\"M173.898 439.404l-166.4-166.4c-9.997-9.997-9.997-26.206 0-36.204l36.203-36.204c9.997-9.998 26.207-9.998 36.204 0L192 312.69 432.095 72.596c9.997-9.997 26.207-9.997 36.204 0l36.203 36.204c9.997 9.997 9.997 26.206 0 36.204l-294.4 294.401c-9.998 9.997-26.207 9.997-36.204-.001z\"><\/path><\/svg><\/span>\n\t\t\t\t\t\t\t\t\t\t\t\t\t<\/span>\n\t\t\t\t\t\t\t\t\t\t\t\t<a class=\"elementor-toggle-title\" tabindex=\"0\">Guanta<\/a>\n\t\t\t\t\t<\/div>\n\n\t\t\t\t\t<div id=\"elementor-tab-content-2262\" class=\"elementor-tab-content elementor-clearfix\" data-tab=\"2\" role=\"region\" aria-labelledby=\"elementor-tab-title-2262\"><ul><li>Guanta Centro<\/li><li>Colombia<\/li><li>La Picha<\/li><li>Las Palmitas<\/li><li>Metoquina<\/li><li>Volcadero<\/li><li>Residencial El Puerto<\/li><li>Conjunto Residencial Guanta Mar<\/li><li>Conjunto Residencial Guaraguao<\/li><li>Conjunto Residencial Isla De Plata<\/li><li>Conjunto Residencial Puerto Mar<\/li><li>Conjunto Residencial Vista al Mar<\/li><li>Sector El Chaure<\/li><li>Sector Cotoper\u00ed<\/li><li>Sector el Chaurito<\/li><li>Sector La Metoquina\u00a0<\/li><li>Sector La Monta\u00f1a<\/li><li>Sector La Picha<\/li><li>Sector La Playa<\/li><li>Sector Los Cocalitos<\/li><li>Sector Pamatacualito<\/li><li>Sector Punta de meta<\/li><li>Urbanizaci\u00f3n El Chaure<\/li><li>Urbanizaci\u00f3n Las Palmas<\/li><\/ul><\/div>\n\t\t\t\t<\/div>\n\t\t\t\t\t\t\t<div class=\"elementor-toggle-item\">\n\t\t\t\t\t<div id=\"elementor-tab-title-2263\" class=\"elementor-tab-title\" data-tab=\"3\" role=\"button\" aria-controls=\"elementor-tab-content-2263\" aria-expanded=\"false\">\n\t\t\t\t\t\t\t\t\t\t\t\t<span class=\"elementor-toggle-icon elementor-toggle-icon-left\" aria-hidden=\"true\">\n\t\t\t\t\t\t\t\t\t\t\t\t\t\t\t<span class=\"elementor-toggle-icon-closed\"><svg class=\"e-font-icon-svg e-fas-chevron-right\" viewBox=\"0 0 320 512\" xmlns=\"http:\/\/www.w3.org\/2000\/svg\"><path d=\"M285.476 272.971L91.132 467.314c-9.373 9.373-24.569 9.373-33.941 0l-22.667-22.667c-9.357-9.357-9.375-24.522-.04-33.901L188.505 256 34.484 101.255c-9.335-9.379-9.317-24.544.04-33.901l22.667-22.667c9.373-9.373 24.569-9.373 33.941 0L285.475 239.03c9.373 9.372 9.373 24.568.001 33.941z\"><\/path><\/svg><\/span>\n\t\t\t\t\t\t\t\t<span class=\"elementor-toggle-icon-opened\"><svg class=\"elementor-toggle-icon-opened e-font-icon-svg e-fas-check\" viewBox=\"0 0 512 512\" xmlns=\"http:\/\/www.w3.org\/2000\/svg\"><path d=\"M173.898 439.404l-166.4-166.4c-9.997-9.997-9.997-26.206 0-36.204l36.203-36.204c9.997-9.998 26.207-9.998 36.204 0L192 312.69 432.095 72.596c9.997-9.997 26.207-9.997 36.204 0l36.203 36.204c9.997 9.997 9.997 26.206 0 36.204l-294.4 294.401c-9.998 9.997-26.207 9.997-36.204-.001z\"><\/path><\/svg><\/span>\n\t\t\t\t\t\t\t\t\t\t\t\t\t<\/span>\n\t\t\t\t\t\t\t\t\t\t\t\t<a class=\"elementor-toggle-title\" tabindex=\"0\">Lecher\u00eda<\/a>\n\t\t\t\t\t<\/div>\n\n\t\t\t\t\t<div id=\"elementor-tab-content-2263\" class=\"elementor-tab-content elementor-clearfix\" data-tab=\"3\" role=\"region\" aria-labelledby=\"elementor-tab-title-2263\"><ul><li>Barrio Santa Rosa<\/li><li>Barrio Venezuela<\/li><li>Casco Central<\/li><li>Sector Agua Marina<\/li><li>Sector Balcones del Mar<\/li><li>Sector Casa Bote A<\/li><li>Sector Casa Bote B<\/li><li>Sector Casa Bote C<\/li><li>Sector Cerro El Morro<\/li><li>Sector Cerro Sur<\/li><li>Sector Club Vela<\/li><li>Sector Complejo Tur\u00edstico El Morro<\/li><li>Sector El Crucero<\/li><li>Sector El Maguey<\/li><li>Sector El Morro II<\/li><li>Sector El Morro III<\/li><li>Sector El Pe\u00f1onal<\/li><li>Sector Empresarial Las Garzas<\/li><li>Sector La Asunci\u00f3n<\/li><li>Sector Las Garzas<\/li><li>Sector Las Palmeras<\/li><li>Sector Las Villas<\/li><li>Sector Morro Sur<\/li><li>Sector Madre Vieja<\/li><li>Sector Pueblo Viejo<\/li><li>Sector R\u00f3mulo Gallegos<\/li><li>Sector Santa Rosa<\/li><li>Sector Venecia<\/li><li>Sector Villas de Puerto Morro<\/li><li>Las Villas\u00a0<\/li><li>Urbanizaci\u00f3n Agua y Miel<\/li><li>Urbanizaci\u00f3n Brisa Azul<\/li><li>Urbanizaci\u00f3n Casa Blanca<\/li><li>Urbanizaci\u00f3n Cayo De Agua<\/li><li>Urbanizaci\u00f3n Chimana<\/li><li>Urbanizaci\u00f3n Doral Beach<\/li><li>Urbanizaci\u00f3n El Poblado<\/li><li>Urbanizaci\u00f3n El Pe\u00f1onal<\/li><li>Urbanizaci\u00f3n La Campi\u00f1a<\/li><li>Urbanizaci\u00f3n Las Canoas<\/li><li>Urbanizaci\u00f3n Las Palmeras<\/li><li>Urbanizaci\u00f3n Mar<\/li><li>Urbanizaci\u00f3n Marina Azul<\/li><li>Urbanizaci\u00f3n Marinas Club<\/li><li>Urbanizaci\u00f3n Nelamar<\/li><li>Urbanizaci\u00f3n Plaza Marina<\/li><li>Urbanizaci\u00f3n Puerto Aventura<\/li><li>Urbanizaci\u00f3n Puerto Morro<\/li><li>Urbanizaci\u00f3n Puerto Pr\u00edncipe<\/li><li>Urbanizaci\u00f3n Punta Marina<\/li><li>Urbanizaci\u00f3n R\u00edo Viejo<\/li><li>Urbanizaci\u00f3n Venezuela<\/li><li>Urbanizaci\u00f3n Villa Sol<\/li><li>Urbanizaci\u00f3n Villas Martinique<\/li><li>Calle Arismendi<\/li><li>Av. Principal de Lecheria.<\/li><li>Guaica<\/li><li>El Pe\u00f1onal<\/li><li>Siete Mares<\/li><li>Las Marinas<\/li><li>Aguamarina<\/li><li>\u00a0<\/li><\/ul><\/div>\n\t\t\t\t<\/div>\n\t\t\t\t\t\t\t<div class=\"elementor-toggle-item\">\n\t\t\t\t\t<div id=\"elementor-tab-title-2264\" class=\"elementor-tab-title\" data-tab=\"4\" role=\"button\" aria-controls=\"elementor-tab-content-2264\" aria-expanded=\"false\">\n\t\t\t\t\t\t\t\t\t\t\t\t<span class=\"elementor-toggle-icon elementor-toggle-icon-left\" aria-hidden=\"true\">\n\t\t\t\t\t\t\t\t\t\t\t\t\t\t\t<span class=\"elementor-toggle-icon-closed\"><svg class=\"e-font-icon-svg e-fas-chevron-right\" viewBox=\"0 0 320 512\" xmlns=\"http:\/\/www.w3.org\/2000\/svg\"><path d=\"M285.476 272.971L91.132 467.314c-9.373 9.373-24.569 9.373-33.941 0l-22.667-22.667c-9.357-9.357-9.375-24.522-.04-33.901L188.505 256 34.484 101.255c-9.335-9.379-9.317-24.544.04-33.901l22.667-22.667c9.373-9.373 24.569-9.373 33.941 0L285.475 239.03c9.373 9.372 9.373 24.568.001 33.941z\"><\/path><\/svg><\/span>\n\t\t\t\t\t\t\t\t<span class=\"elementor-toggle-icon-opened\"><svg class=\"elementor-toggle-icon-opened e-font-icon-svg e-fas-check\" viewBox=\"0 0 512 512\" xmlns=\"http:\/\/www.w3.org\/2000\/svg\"><path d=\"M173.898 439.404l-166.4-166.4c-9.997-9.997-9.997-26.206 0-36.204l36.203-36.204c9.997-9.998 26.207-9.998 36.204 0L192 312.69 432.095 72.596c9.997-9.997 26.207-9.997 36.204 0l36.203 36.204c9.997 9.997 9.997 26.206 0 36.204l-294.4 294.401c-9.998 9.997-26.207 9.997-36.204-.001z\"><\/path><\/svg><\/span>\n\t\t\t\t\t\t\t\t\t\t\t\t\t<\/span>\n\t\t\t\t\t\t\t\t\t\t\t\t<a class=\"elementor-toggle-title\" tabindex=\"0\">Puerto La Cruz<\/a>\n\t\t\t\t\t<\/div>\n\n\t\t\t\t\t<div id=\"elementor-tab-content-2264\" class=\"elementor-tab-content elementor-clearfix\" data-tab=\"4\" role=\"region\" aria-labelledby=\"elementor-tab-title-2264\"><ul><li>Centro Puerto La Cruz<\/li><li>Barrio Bella Vista<\/li><li>Barrio Chupar\u00edn Central<\/li><li>Barrio El Para\u00edso<\/li><li>Barrio El Pensil<\/li><li>Barrio Juan Bimba<\/li><li>Barrio La Caraque\u00f1a<\/li><li>Barrio Los Yaques<\/li><li>Barrio Mari\u00f1o<\/li><li>Barrio Molorca<\/li><li>Barrio Montecristo<\/li><li>Barrio Obrero<\/li><li>Barrio Pozuelos<\/li><li>Barrio Pueblo Nuevo<\/li><li>Barrio Tierra Adentro<\/li><li>Barrio Uni\u00f3n<\/li><li>Barrio Universitario<\/li><li>Cerro Las Monjas<\/li><li>Sector El Amparo<\/li><li>Sector El Para\u00edso<\/li><li>Sector La Tinia<\/li><li>Sector Oropeza Castillo<\/li><li>Pozuelos<\/li><li>Residencia Las Islas<\/li><li>Sector Bella Vista<\/li><li>Sector Bello Monte<\/li><li>Sector Campo Guaraguao<\/li><li>Sector Campos<\/li><li>Residencias Meneven<\/li><li>Sector El Maguey<\/li><li>Sector Las Delicias<\/li><li>Sector Los Boqueticos<\/li><li>Sector Monte Cristo<\/li><li>Sector Pascal<\/li><li>Sector Paseo Col\u00f3n<\/li><li>Sector Pueblo Nuevo<\/li><li>Sector Saigon<\/li><li>Sector Sierra Maestra<\/li><li>Sector Terrazas del Mar\u00a0<\/li><li>Sector Tierra Adentro<\/li><li>Urbanizaci\u00f3n Aldea De Los Pescadores<\/li><li>Urbanizaci\u00f3n Bello Monte<\/li><li>Urbanizaci\u00f3n Brisas Del Mar<\/li><li>Urbanizaci\u00f3n Chupar\u00edn<\/li><li>Urbanizaci\u00f3n El Caribe<\/li><li>Urbanizaci\u00f3n El Frio<\/li><li>Urbanizaci\u00f3n El Maguey<\/li><li>Urbanizaci\u00f3n El Saman<\/li><li>Urbanizaci\u00f3n Guanire<\/li><li>Urbanizaci\u00f3n Guaraguao Campo Obrero<\/li><li>Urbanizaci\u00f3n Guaraguao Campo Oeste<\/li><li>Urbanizaci\u00f3n Gulf<\/li><li>Urbanizaci\u00f3n Los Boqueticos<\/li><li>Urbanizaci\u00f3n Los Cerezos<\/li><li>Urbanizaci\u00f3n Los Yaques<\/li><li>Urbanizaci\u00f3n Oropeza Castillo<\/li><li>Urbanizaci\u00f3n Portuaria<\/li><li>Urbanizaci\u00f3n Ruiz Pineda<\/li><li>Casa Bote<\/li><li>Club Sirio<\/li><li>Residencias Paseo Colon<\/li><li>Avenida Municipal<\/li><li>\u00a0<\/li><\/ul><\/div>\n\t\t\t\t<\/div>\n\t\t\t\t\t\t\t\t<\/div>\n\t\t\t\t<\/div>\n\t\t\t\t<\/div>\n\t\t\t\t<div class=\"elementor-element elementor-element-2da32fb elementor-widget elementor-widget-spacer\" data-id=\"2da32fb\" data-element_type=\"widget\" data-widget_type=\"spacer.default\">\n\t\t\t\t<div class=\"elementor-widget-container\">\n\t\t\t\t\t<div class=\"elementor-spacer\">\n\t\t\t<div class=\"elementor-spacer-inner\"><\/div>\n\t\t<\/div>\n\t\t\t\t<\/div>\n\t\t\t\t<\/div>\n\t\t\t\t\t<\/div>\n\t\t\t\t<\/div>\n\t\t<div class=\"elementor-element elementor-element-0df972a e-flex e-con-boxed e-con e-parent\" data-id=\"0df972a\" data-element_type=\"container\">\n\t\t\t\t\t<div class=\"e-con-inner\">\n\t\t\t\t<div class=\"elementor-element elementor-element-4bdf066 elementor-align-center elementor-widget elementor-widget-button\" data-id=\"4bdf066\" data-element_type=\"widget\" data-widget_type=\"button.default\">\n\t\t\t\t<div class=\"elementor-widget-container\">\n\t\t\t\t\t\t\t<div class=\"elementor-button-wrapper\">\n\t\t\t\t\t<a class=\"elementor-button elementor-button-link elementor-size-sm\" href=\"https:\/\/wa.me\/18137053315?text=No+encuentro+mi+sector.\">\n\t\t\t\t\t\t<span class=\"elementor-button-content-wrapper\">\n\t\t\t\t\t\t<span class=\"elementor-button-icon\">\n\t\t\t\t<svg aria-hidden=\"true\" class=\"e-font-icon-svg e-fas-search-location\" viewBox=\"0 0 512 512\" xmlns=\"http:\/\/www.w3.org\/2000\/svg\"><path d=\"M505.04 442.66l-99.71-99.69c-4.5-4.5-10.6-7-17-7h-16.3c27.6-35.3 44-79.69 44-127.99C416.03 93.09 322.92 0 208.02 0S0 93.09 0 207.98s93.11 207.98 208.02 207.98c48.3 0 92.71-16.4 128.01-44v16.3c0 6.4 2.5 12.5 7 17l99.71 99.69c9.4 9.4 24.6 9.4 33.9 0l28.3-28.3c9.4-9.4 9.4-24.59.1-33.99zm-297.02-90.7c-79.54 0-144-64.34-144-143.98 0-79.53 64.35-143.98 144-143.98 79.54 0 144 64.34 144 143.98 0 79.53-64.35 143.98-144 143.98zm.02-239.96c-40.78 0-73.84 33.05-73.84 73.83 0 32.96 48.26 93.05 66.75 114.86a9.24 9.24 0 0 0 14.18 0c18.49-21.81 66.75-81.89 66.75-114.86 0-40.78-33.06-73.83-73.84-73.83zm0 96c-13.26 0-24-10.75-24-24 0-13.26 10.75-24 24-24s24 10.74 24 24c0 13.25-10.75 24-24 24z\"><\/path><\/svg>\t\t\t<\/span>\n\t\t\t\t\t\t\t\t\t<span class=\"elementor-button-text\">No encuentro mi sector<\/span>\n\t\t\t\t\t<\/span>\n\t\t\t\t\t<\/a>\n\t\t\t\t<\/div>\n\t\t\t\t\t\t<\/div>\n\t\t\t\t<\/div>\n\t\t\t\t\t<\/div>\n\t\t\t\t<\/div>\n\t\t\t\t<\/div>\n\t\t","protected":false},"excerpt":{"rendered":"<p>Zonas de Despacho Anzo\u00e1tegui Estimado cliente, aqu\u00ed encontrara las zonas de cobertura espec\u00edficas del Estado Anzo\u00e1tegui. Si el sector donde reside el beneficiario no est\u00e1 dentro de estas \u00e1reas de cobertura, por favor comunicarse con nuestro equipo de atenci\u00f3n al cliente para buscar una alternativa. Consulte el siguiente listado antes de realizar su pedido: Barcelona<\/p>\n<div class=\"klb-readmore entry-button\"><a class=\"button\" href=\"https:\/\/www.casamercado.store\/anzoategui\/zonas-de-despacho\/\">Leer M\u00e1s<\/a><\/div>\n","protected":false},"author":1,"featured_media":0,"parent":0,"menu_order":0,"comment_status":"closed","ping_status":"closed","template":"","meta":{"footnotes":""},"class_list":["post-160","page","type-page","status-publish","hentry"],"_links":{"self":[{"href":"https:\/\/www.casamercado.store\/anzoategui\/wp-json\/wp\/v2\/pages\/160"}],"collection":[{"href":"https:\/\/www.casamercado.store\/anzoategui\/wp-json\/wp\/v2\/pages"}],"about":[{"href":"https:\/\/www.casamercado.store\/anzoategui\/wp-json\/wp\/v2\/types\/page"}],"author":[{"embeddable":true,"href":"https:\/\/www.casamercado.store\/anzoategui\/wp-json\/wp\/v2\/users\/1"}],"replies":[{"embeddable":true,"href":"https:\/\/www.casamercado.store\/anzoategui\/wp-json\/wp\/v2\/comments?post=160"}],"version-history":[{"count":0,"href":"https:\/\/www.casamercado.store\/anzoategui\/wp-json\/wp\/v2\/pages\/160\/revisions"}],"wp:attachment":[{"href":"https:\/\/www.casamercado.store\/anzoategui\/wp-json\/wp\/v2\/media?parent=160"}],"curies":[{"name":"wp","href":"https:\/\/api.w.org\/{rel}","templated":true}]}}