{"id":1101,"date":"2024-05-05T09:21:52","date_gmt":"2024-05-05T13:21:52","guid":{"rendered":"https:\/\/www.casamercado.store\/anzoategui\/producto\/whisky-johnnie-walker-black-label-0-75l\/"},"modified":"2025-11-26T14:00:52","modified_gmt":"2025-11-26T18:00:52","slug":"whisky-johnnie-walker-black-label-0-75l","status":"publish","type":"product","link":"https:\/\/www.casamercado.store\/anzoategui\/producto\/whisky-johnnie-walker-black-label-0-75l\/","title":{"rendered":"Whisky Johnnie Walker Black Label 0.75L"},"content":{"rendered":"<p>Creado con whiskies envejecidos durante un m\u00ednimo de 12 a\u00f1os desde los cuatro rincones de Escocia, le otorgan su car\u00e1cter inconfundiblemente suave y profundo. Posee un sabor multidimensional que lo hace realmente vers\u00e1til: los sabores de frutales, picante, vainilla y el ahumado de la casa Walker.<\/p>\n","protected":false},"excerpt":{"rendered":"<p>El etiqueta Negra es un verdadero icono de referencia para todos las dem\u00e1s mezclas de lujo.<\/p>\n","protected":false},"featured_media":2300,"template":"","meta":[],"product_cat":[299,305],"product_tag":[209,306],"class_list":{"0":"post-1101","1":"product","2":"type-product","3":"status-publish","4":"has-post-thumbnail","6":"product_cat-licoreria","7":"product_cat-whisky","8":"product_tag-12-anos","9":"product_tag-gama-alta","10":"pa_marca-diageo","12":"first","13":"instock","14":"shipping-taxable","15":"purchasable","16":"product-type-simple"},"_links":{"self":[{"href":"https:\/\/www.casamercado.store\/anzoategui\/wp-json\/wp\/v2\/product\/1101"}],"collection":[{"href":"https:\/\/www.casamercado.store\/anzoategui\/wp-json\/wp\/v2\/product"}],"about":[{"href":"https:\/\/www.casamercado.store\/anzoategui\/wp-json\/wp\/v2\/types\/product"}],"wp:featuredmedia":[{"embeddable":true,"href":"https:\/\/www.casamercado.store\/anzoategui\/wp-json\/wp\/v2\/media\/2300"}],"wp:attachment":[{"href":"https:\/\/www.casamercado.store\/anzoategui\/wp-json\/wp\/v2\/media?parent=1101"}],"wp:term":[{"taxonomy":"product_cat","embeddable":true,"href":"https:\/\/www.casamercado.store\/anzoategui\/wp-json\/wp\/v2\/product_cat?post=1101"},{"taxonomy":"product_tag","embeddable":true,"href":"https:\/\/www.casamercado.store\/anzoategui\/wp-json\/wp\/v2\/product_tag?post=1101"}],"curies":[{"name":"wp","href":"https:\/\/api.w.org\/{rel}","templated":true}]}}