{"id":1109,"date":"2024-05-05T09:21:55","date_gmt":"2024-05-05T13:21:55","guid":{"rendered":"https:\/\/www.casamercado.store\/anzoategui\/producto\/ron-cacique-antiguo-0-75l\/"},"modified":"2025-11-26T14:01:13","modified_gmt":"2025-11-26T18:01:13","slug":"ron-cacique-antiguo-0-75l","status":"publish","type":"product","link":"https:\/\/www.casamercado.store\/anzoategui\/producto\/ron-cacique-antiguo-0-75l\/","title":{"rendered":"Ron Cacique Antiguo 0.75L"},"content":{"rendered":"<p>S\u00f3lo 100 de estas son seleccionadas cada a\u00f1o para su elaboraci\u00f3n de reserva muy limitada.<\/p>\n","protected":false},"excerpt":{"rendered":"<p>Mezcla de rones de hasta 12 a\u00f1os de envejecimiento en barricas ex-Scotch<\/p>\n","protected":false},"featured_media":2310,"template":"","meta":[],"product_cat":[299,301],"product_tag":[312],"class_list":{"0":"post-1109","1":"product","2":"type-product","3":"status-publish","4":"has-post-thumbnail","6":"product_cat-licoreria","7":"product_cat-rones","8":"product_tag-cacique","9":"pa_marca-diageo","11":"first","12":"instock","13":"shipping-taxable","14":"purchasable","15":"product-type-simple"},"_links":{"self":[{"href":"https:\/\/www.casamercado.store\/anzoategui\/wp-json\/wp\/v2\/product\/1109"}],"collection":[{"href":"https:\/\/www.casamercado.store\/anzoategui\/wp-json\/wp\/v2\/product"}],"about":[{"href":"https:\/\/www.casamercado.store\/anzoategui\/wp-json\/wp\/v2\/types\/product"}],"wp:featuredmedia":[{"embeddable":true,"href":"https:\/\/www.casamercado.store\/anzoategui\/wp-json\/wp\/v2\/media\/2310"}],"wp:attachment":[{"href":"https:\/\/www.casamercado.store\/anzoategui\/wp-json\/wp\/v2\/media?parent=1109"}],"wp:term":[{"taxonomy":"product_cat","embeddable":true,"href":"https:\/\/www.casamercado.store\/anzoategui\/wp-json\/wp\/v2\/product_cat?post=1109"},{"taxonomy":"product_tag","embeddable":true,"href":"https:\/\/www.casamercado.store\/anzoategui\/wp-json\/wp\/v2\/product_tag?post=1109"}],"curies":[{"name":"wp","href":"https:\/\/api.w.org\/{rel}","templated":true}]}}