{"id":1116,"date":"2024-05-05T09:21:58","date_gmt":"2024-05-05T13:21:58","guid":{"rendered":"https:\/\/www.casamercado.store\/anzoategui\/producto\/ron-carupano-6-anos-0-75l\/"},"modified":"2025-11-26T14:01:36","modified_gmt":"2025-11-26T18:01:36","slug":"ron-carupano-6-anos-0-75l","status":"publish","type":"product","link":"https:\/\/www.casamercado.store\/anzoategui\/producto\/ron-carupano-6-anos-0-75l\/","title":{"rendered":"Ron Car\u00fapano 6 a\u00f1os 0.75L"},"content":{"rendered":"<p>Hermoso color \u00e1mbar claro, con destellos anaranjados. trasl\u00facido y brillante. Sensaci\u00f3n alcoh\u00f3lica media y agradable, notas a melaza, caramelo, brisa marina, madera suave y remembranzas a pasas. Equilibrado en boca, melaza, pasas, frutos secos, agradable salinidad, car\u00e1cter y permanencia media.<\/p>\n","protected":false},"excerpt":{"rendered":"<p>Oscuro para cocteler\u00eda y mezclas<\/p>\n","protected":false},"featured_media":2317,"template":"","meta":[],"product_cat":[299,301],"product_tag":[314],"class_list":{"0":"post-1116","1":"product","2":"type-product","3":"status-publish","4":"has-post-thumbnail","6":"product_cat-licoreria","7":"product_cat-rones","8":"product_tag-carupano","9":"pa_marca-carupano","11":"first","12":"instock","13":"shipping-taxable","14":"purchasable","15":"product-type-simple"},"_links":{"self":[{"href":"https:\/\/www.casamercado.store\/anzoategui\/wp-json\/wp\/v2\/product\/1116"}],"collection":[{"href":"https:\/\/www.casamercado.store\/anzoategui\/wp-json\/wp\/v2\/product"}],"about":[{"href":"https:\/\/www.casamercado.store\/anzoategui\/wp-json\/wp\/v2\/types\/product"}],"wp:featuredmedia":[{"embeddable":true,"href":"https:\/\/www.casamercado.store\/anzoategui\/wp-json\/wp\/v2\/media\/2317"}],"wp:attachment":[{"href":"https:\/\/www.casamercado.store\/anzoategui\/wp-json\/wp\/v2\/media?parent=1116"}],"wp:term":[{"taxonomy":"product_cat","embeddable":true,"href":"https:\/\/www.casamercado.store\/anzoategui\/wp-json\/wp\/v2\/product_cat?post=1116"},{"taxonomy":"product_tag","embeddable":true,"href":"https:\/\/www.casamercado.store\/anzoategui\/wp-json\/wp\/v2\/product_tag?post=1116"}],"curies":[{"name":"wp","href":"https:\/\/api.w.org\/{rel}","templated":true}]}}