{"id":1133,"date":"2024-05-05T09:22:06","date_gmt":"2024-05-05T13:22:06","guid":{"rendered":"https:\/\/www.casamercado.store\/anzoategui\/producto\/cerveza-modelo-especial-355ml-x6-unidades\/"},"modified":"2025-11-26T14:02:27","modified_gmt":"2025-11-26T18:02:27","slug":"cerveza-modelo-especial-355ml-x6-unidades","status":"publish","type":"product","link":"https:\/\/www.casamercado.store\/anzoategui\/producto\/cerveza-modelo-especial-355ml-x6-unidades\/","title":{"rendered":"Cerveza Modelo Especial 355ml x6 unidades"},"content":{"rendered":"<p>Tiene un sabor un poco m\u00e1s fuerte y balanceado entre lo amargo y lo dulce, un toque frutal, m\u00e1s suave y fresco al final; ideal para acompa\u00f1ar platillos como pescados, mariscos y pastas. Tiene 4.5% de nivel de alcohol.<\/p>\n","protected":false},"excerpt":{"rendered":"<p>Modelo Especial es una cerveza lager de estilo American Pilsen, clara y de color dorado intenso<\/p>\n","protected":false},"featured_media":2343,"template":"","meta":[],"product_cat":[299,310],"product_tag":[332],"class_list":{"0":"post-1133","1":"product","2":"type-product","3":"status-publish","4":"has-post-thumbnail","6":"product_cat-licoreria","7":"product_cat-cervezas","8":"product_tag-importadas","9":"pa_marca-modelo","11":"first","12":"instock","13":"shipping-taxable","14":"purchasable","15":"product-type-simple"},"_links":{"self":[{"href":"https:\/\/www.casamercado.store\/anzoategui\/wp-json\/wp\/v2\/product\/1133"}],"collection":[{"href":"https:\/\/www.casamercado.store\/anzoategui\/wp-json\/wp\/v2\/product"}],"about":[{"href":"https:\/\/www.casamercado.store\/anzoategui\/wp-json\/wp\/v2\/types\/product"}],"wp:featuredmedia":[{"embeddable":true,"href":"https:\/\/www.casamercado.store\/anzoategui\/wp-json\/wp\/v2\/media\/2343"}],"wp:attachment":[{"href":"https:\/\/www.casamercado.store\/anzoategui\/wp-json\/wp\/v2\/media?parent=1133"}],"wp:term":[{"taxonomy":"product_cat","embeddable":true,"href":"https:\/\/www.casamercado.store\/anzoategui\/wp-json\/wp\/v2\/product_cat?post=1133"},{"taxonomy":"product_tag","embeddable":true,"href":"https:\/\/www.casamercado.store\/anzoategui\/wp-json\/wp\/v2\/product_tag?post=1133"}],"curies":[{"name":"wp","href":"https:\/\/api.w.org\/{rel}","templated":true}]}}