{"id":1136,"date":"2024-05-05T09:22:08","date_gmt":"2024-05-05T13:22:08","guid":{"rendered":"https:\/\/www.casamercado.store\/anzoategui\/producto\/baileys-original-crema-de-licor-750ml\/"},"modified":"2025-11-26T14:02:38","modified_gmt":"2025-11-26T18:02:38","slug":"baileys-original-crema-de-licor-750ml","status":"publish","type":"product","link":"https:\/\/www.casamercado.store\/anzoategui\/producto\/baileys-original-crema-de-licor-750ml\/","title":{"rendered":"Baileys Original Crema de licor 750ml"},"content":{"rendered":"<p>Nuestro Baileys Original es una crema de licor ic\u00f3nica que combina a la perfecci\u00f3n el sabor suave y cremoso con un toque de whisky irland\u00e9s. Elaborado con ingredientes cuidadosamente seleccionados, Baileys Original es una experiencia sensorial \u00fanica. Su suavidad y riqueza en cada sorbo evocan momentos especiales y celebraciones. Disfr\u00fatalo solo, con hielo, mezclado en c\u00f3cteles o como ingrediente en deliciosas recetas de postres. Brinda con estilo y disfruta de la cremosidad incomparable de nuestro Baileys Original<\/p>\n","protected":false},"excerpt":{"rendered":"<p>La crema de licor ic\u00f3nica para disfrutar en ocasiones especiales<\/p>\n","protected":false},"featured_media":2304,"template":"","meta":[],"product_cat":[299,300],"product_tag":[303,74,333],"class_list":{"0":"post-1136","1":"product","2":"type-product","3":"status-publish","4":"has-post-thumbnail","6":"product_cat-licoreria","7":"product_cat-licores","8":"product_tag-dulces-y-cremosos","9":"product_tag-navidad","10":"product_tag-secos-a-base-de-whisky","11":"pa_marca-baileys","13":"first","14":"instock","15":"shipping-taxable","16":"purchasable","17":"product-type-simple"},"_links":{"self":[{"href":"https:\/\/www.casamercado.store\/anzoategui\/wp-json\/wp\/v2\/product\/1136"}],"collection":[{"href":"https:\/\/www.casamercado.store\/anzoategui\/wp-json\/wp\/v2\/product"}],"about":[{"href":"https:\/\/www.casamercado.store\/anzoategui\/wp-json\/wp\/v2\/types\/product"}],"wp:featuredmedia":[{"embeddable":true,"href":"https:\/\/www.casamercado.store\/anzoategui\/wp-json\/wp\/v2\/media\/2304"}],"wp:attachment":[{"href":"https:\/\/www.casamercado.store\/anzoategui\/wp-json\/wp\/v2\/media?parent=1136"}],"wp:term":[{"taxonomy":"product_cat","embeddable":true,"href":"https:\/\/www.casamercado.store\/anzoategui\/wp-json\/wp\/v2\/product_cat?post=1136"},{"taxonomy":"product_tag","embeddable":true,"href":"https:\/\/www.casamercado.store\/anzoategui\/wp-json\/wp\/v2\/product_tag?post=1136"}],"curies":[{"name":"wp","href":"https:\/\/api.w.org\/{rel}","templated":true}]}}