{"id":201,"date":"2024-05-04T12:13:41","date_gmt":"2024-05-04T16:13:41","guid":{"rendered":"https:\/\/www.casamercado.store\/anzoategui\/producto\/galletas-de-soda-carabobo-240g\/"},"modified":"2026-01-11T12:22:32","modified_gmt":"2026-01-11T16:22:32","slug":"galletas-de-soda-carabobo-240g","status":"publish","type":"product","link":"https:\/\/www.casamercado.store\/anzoategui\/producto\/galletas-de-soda-carabobo-240g\/","title":{"rendered":"Galletas de Soda Carabobo 240g"},"content":{"rendered":"<p>Disfruta de la cl\u00e1sica y deliciosa textura crujiente de las Galletas de Soda Carabobo. Estas galletas son ideales para acompa\u00f1ar tus meriendas, desayunos o simplemente para disfrutar en cualquier momento del d\u00eda. Con su sabor ligero y su textura inconfundible, estas galletas son un aut\u00e9ntico placer para el paladar. Prueba las Galletas de Soda Carabobo y d\u00e9jate sorprender por su delicioso sabor y versatilidad.<\/p>\n","protected":false},"excerpt":{"rendered":"<p>Crujientes y deliciosas galletas sin colesterol, perfectas para acompa\u00f1ar tus meriendas y desayunos. El cl\u00e1sico sabor de la tradici\u00f3n venezolana<\/p>\n","protected":false},"featured_media":1322,"template":"","meta":[],"product_cat":[16,29],"product_tag":[36,35,30],"class_list":{"0":"post-201","1":"product","2":"type-product","3":"status-publish","4":"has-post-thumbnail","6":"product_cat-alimentos","7":"product_cat-dulces-y-snacks","8":"product_tag-articulos-para-fiestas","9":"product_tag-galletas","10":"product_tag-snack","11":"pa_marca-galletera-carabobo","13":"first","14":"instock","15":"shipping-taxable","16":"purchasable","17":"product-type-simple"},"_links":{"self":[{"href":"https:\/\/www.casamercado.store\/anzoategui\/wp-json\/wp\/v2\/product\/201"}],"collection":[{"href":"https:\/\/www.casamercado.store\/anzoategui\/wp-json\/wp\/v2\/product"}],"about":[{"href":"https:\/\/www.casamercado.store\/anzoategui\/wp-json\/wp\/v2\/types\/product"}],"wp:featuredmedia":[{"embeddable":true,"href":"https:\/\/www.casamercado.store\/anzoategui\/wp-json\/wp\/v2\/media\/1322"}],"wp:attachment":[{"href":"https:\/\/www.casamercado.store\/anzoategui\/wp-json\/wp\/v2\/media?parent=201"}],"wp:term":[{"taxonomy":"product_cat","embeddable":true,"href":"https:\/\/www.casamercado.store\/anzoategui\/wp-json\/wp\/v2\/product_cat?post=201"},{"taxonomy":"product_tag","embeddable":true,"href":"https:\/\/www.casamercado.store\/anzoategui\/wp-json\/wp\/v2\/product_tag?post=201"}],"curies":[{"name":"wp","href":"https:\/\/api.w.org\/{rel}","templated":true}]}}