{"id":223,"date":"2024-05-04T12:14:22","date_gmt":"2024-05-04T16:14:22","guid":{"rendered":"https:\/\/www.casamercado.store\/anzoategui\/producto\/jamon-cocido-superior-plumrose-bandeja-500g\/"},"modified":"2026-01-11T12:22:46","modified_gmt":"2026-01-11T16:22:46","slug":"jamon-cocido-superior-plumrose-bandeja-500g","status":"publish","type":"product","link":"https:\/\/www.casamercado.store\/anzoategui\/producto\/jamon-cocido-superior-plumrose-bandeja-500g\/","title":{"rendered":"Jam\u00f3n Cocido Superior Plumrose Bandeja 500g"},"content":{"rendered":"<p>Hecho con carne seleccionada de las piernas traseras del cerdo con un hasta 97% libre de grasa curado y cocido, p\u00eddelo rebanado o entero y disfr\u00fatalo con una tradicional arepa o s\u00e1ndwich.<\/p>\n","protected":false},"excerpt":{"rendered":"<p>98 % Libre de Grasa<\/p>\n","protected":false},"featured_media":1266,"template":"","meta":[],"product_cat":[16,19],"product_tag":[45,47],"class_list":{"0":"post-223","1":"product","2":"type-product","3":"status-publish","4":"has-post-thumbnail","6":"product_cat-alimentos","7":"product_cat-charcuteria","8":"product_tag-embutidos","9":"product_tag-jamones","10":"pa_marca-plumrose","12":"first","13":"instock","14":"shipping-taxable","15":"purchasable","16":"product-type-simple"},"_links":{"self":[{"href":"https:\/\/www.casamercado.store\/anzoategui\/wp-json\/wp\/v2\/product\/223"}],"collection":[{"href":"https:\/\/www.casamercado.store\/anzoategui\/wp-json\/wp\/v2\/product"}],"about":[{"href":"https:\/\/www.casamercado.store\/anzoategui\/wp-json\/wp\/v2\/types\/product"}],"wp:featuredmedia":[{"embeddable":true,"href":"https:\/\/www.casamercado.store\/anzoategui\/wp-json\/wp\/v2\/media\/1266"}],"wp:attachment":[{"href":"https:\/\/www.casamercado.store\/anzoategui\/wp-json\/wp\/v2\/media?parent=223"}],"wp:term":[{"taxonomy":"product_cat","embeddable":true,"href":"https:\/\/www.casamercado.store\/anzoategui\/wp-json\/wp\/v2\/product_cat?post=223"},{"taxonomy":"product_tag","embeddable":true,"href":"https:\/\/www.casamercado.store\/anzoategui\/wp-json\/wp\/v2\/product_tag?post=223"}],"curies":[{"name":"wp","href":"https:\/\/api.w.org\/{rel}","templated":true}]}}