{"id":266,"date":"2024-05-04T12:15:45","date_gmt":"2024-05-04T16:15:45","guid":{"rendered":"https:\/\/www.casamercado.store\/anzoategui\/producto\/toddy-bebida-achocolatada-en-polvo-200g\/"},"modified":"2026-01-11T12:23:08","modified_gmt":"2026-01-11T16:23:08","slug":"toddy-bebida-achocolatada-en-polvo-200g","status":"publish","type":"product","link":"https:\/\/www.casamercado.store\/anzoategui\/producto\/toddy-bebida-achocolatada-en-polvo-200g\/","title":{"rendered":"Toddy Bebida achocolatada en polvo 200g"},"content":{"rendered":"<p>La elecci\u00f3n perfecta para empezar el d\u00eda con una sonrisa. Su sabor a chocolate es amado por ni\u00f1os y adultos por igual. F\u00e1cil de preparar y delicioso, Toddy es el compa\u00f1ero perfecto para tus desayunos o meriendas.<\/p>\n","protected":false},"excerpt":{"rendered":"<p>El sabor irresistible del chocolate. Sabor que alimenta<\/p>\n","protected":false},"featured_media":1370,"template":"","meta":[],"product_cat":[16,32],"product_tag":[34,23,39],"class_list":{"0":"post-266","1":"product","2":"type-product","3":"status-publish","4":"has-post-thumbnail","6":"product_cat-alimentos","7":"product_cat-bebidas","8":"product_tag-bebidas-en-polvo","9":"product_tag-infantil","10":"product_tag-postres","11":"pa_marca-alimentos-polar","13":"first","14":"instock","15":"shipping-taxable","16":"purchasable","17":"product-type-simple"},"_links":{"self":[{"href":"https:\/\/www.casamercado.store\/anzoategui\/wp-json\/wp\/v2\/product\/266"}],"collection":[{"href":"https:\/\/www.casamercado.store\/anzoategui\/wp-json\/wp\/v2\/product"}],"about":[{"href":"https:\/\/www.casamercado.store\/anzoategui\/wp-json\/wp\/v2\/types\/product"}],"wp:featuredmedia":[{"embeddable":true,"href":"https:\/\/www.casamercado.store\/anzoategui\/wp-json\/wp\/v2\/media\/1370"}],"wp:attachment":[{"href":"https:\/\/www.casamercado.store\/anzoategui\/wp-json\/wp\/v2\/media?parent=266"}],"wp:term":[{"taxonomy":"product_cat","embeddable":true,"href":"https:\/\/www.casamercado.store\/anzoategui\/wp-json\/wp\/v2\/product_cat?post=266"},{"taxonomy":"product_tag","embeddable":true,"href":"https:\/\/www.casamercado.store\/anzoategui\/wp-json\/wp\/v2\/product_tag?post=266"}],"curies":[{"name":"wp","href":"https:\/\/api.w.org\/{rel}","templated":true}]}}