{"id":269,"date":"2024-05-04T12:15:50","date_gmt":"2024-05-04T16:15:50","guid":{"rendered":"https:\/\/www.casamercado.store\/anzoategui\/producto\/konga-sabor-limon-30gr-x3-unidades\/"},"modified":"2026-01-11T12:23:09","modified_gmt":"2026-01-11T16:23:09","slug":"konga-sabor-limon-30gr-x3-unidades","status":"publish","type":"product","link":"https:\/\/www.casamercado.store\/anzoategui\/producto\/konga-sabor-limon-30gr-x3-unidades\/","title":{"rendered":"Konga sabor lim\u00f3n 30gr X3 unidades"},"content":{"rendered":"<p>El refrescante sabor a lim\u00f3n se combina con la sabrosa textura de Konga en estas tres unidades. Perfectas para degustar solas o acompa\u00f1ar con una bebida fr\u00eda.<\/p>\n","protected":false},"excerpt":{"rendered":"<p>Mezcla en polvo para preparar bebida sabor a Lim\u00f3n<\/p>\n","protected":false},"featured_media":1374,"template":"","meta":[],"product_cat":[16,32],"product_tag":[34,48],"class_list":{"0":"post-269","1":"product","2":"type-product","3":"status-publish","4":"has-post-thumbnail","6":"product_cat-alimentos","7":"product_cat-bebidas","8":"product_tag-bebidas-en-polvo","9":"product_tag-refrescos","10":"pa_marca-alimentos-polar","12":"first","13":"instock","14":"shipping-taxable","15":"purchasable","16":"product-type-simple"},"_links":{"self":[{"href":"https:\/\/www.casamercado.store\/anzoategui\/wp-json\/wp\/v2\/product\/269"}],"collection":[{"href":"https:\/\/www.casamercado.store\/anzoategui\/wp-json\/wp\/v2\/product"}],"about":[{"href":"https:\/\/www.casamercado.store\/anzoategui\/wp-json\/wp\/v2\/types\/product"}],"wp:featuredmedia":[{"embeddable":true,"href":"https:\/\/www.casamercado.store\/anzoategui\/wp-json\/wp\/v2\/media\/1374"}],"wp:attachment":[{"href":"https:\/\/www.casamercado.store\/anzoategui\/wp-json\/wp\/v2\/media?parent=269"}],"wp:term":[{"taxonomy":"product_cat","embeddable":true,"href":"https:\/\/www.casamercado.store\/anzoategui\/wp-json\/wp\/v2\/product_cat?post=269"},{"taxonomy":"product_tag","embeddable":true,"href":"https:\/\/www.casamercado.store\/anzoategui\/wp-json\/wp\/v2\/product_tag?post=269"}],"curies":[{"name":"wp","href":"https:\/\/api.w.org\/{rel}","templated":true}]}}