{"id":272,"date":"2024-05-04T12:15:55","date_gmt":"2024-05-04T16:15:55","guid":{"rendered":"https:\/\/www.casamercado.store\/anzoategui\/producto\/konga-sabor-parchita-30g-x3-unidades\/"},"modified":"2026-01-11T12:23:10","modified_gmt":"2026-01-11T16:23:10","slug":"konga-sabor-parchita-30g-x3-unidades","status":"publish","type":"product","link":"https:\/\/www.casamercado.store\/anzoategui\/producto\/konga-sabor-parchita-30g-x3-unidades\/","title":{"rendered":"Konga sabor Parchita 30g X3 unidades"},"content":{"rendered":"<p>Sum\u00e9rgete en el sabor tropical de la parchita con estas tres galletas Konga. Disfruta de la combinaci\u00f3n de la crujiente textura con el dulce y ex\u00f3tico sabor de la parchita.<\/p>\n","protected":false},"excerpt":{"rendered":"<p>Mezcla en polvo para preparar bebida sabor a Parchita<\/p>\n","protected":false},"featured_media":1377,"template":"","meta":[],"product_cat":[16,32],"product_tag":[34,48],"class_list":{"0":"post-272","1":"product","2":"type-product","3":"status-publish","4":"has-post-thumbnail","6":"product_cat-alimentos","7":"product_cat-bebidas","8":"product_tag-bebidas-en-polvo","9":"product_tag-refrescos","10":"pa_marca-alimentos-polar","12":"first","13":"instock","14":"shipping-taxable","15":"purchasable","16":"product-type-simple"},"_links":{"self":[{"href":"https:\/\/www.casamercado.store\/anzoategui\/wp-json\/wp\/v2\/product\/272"}],"collection":[{"href":"https:\/\/www.casamercado.store\/anzoategui\/wp-json\/wp\/v2\/product"}],"about":[{"href":"https:\/\/www.casamercado.store\/anzoategui\/wp-json\/wp\/v2\/types\/product"}],"wp:featuredmedia":[{"embeddable":true,"href":"https:\/\/www.casamercado.store\/anzoategui\/wp-json\/wp\/v2\/media\/1377"}],"wp:attachment":[{"href":"https:\/\/www.casamercado.store\/anzoategui\/wp-json\/wp\/v2\/media?parent=272"}],"wp:term":[{"taxonomy":"product_cat","embeddable":true,"href":"https:\/\/www.casamercado.store\/anzoategui\/wp-json\/wp\/v2\/product_cat?post=272"},{"taxonomy":"product_tag","embeddable":true,"href":"https:\/\/www.casamercado.store\/anzoategui\/wp-json\/wp\/v2\/product_tag?post=272"}],"curies":[{"name":"wp","href":"https:\/\/api.w.org\/{rel}","templated":true}]}}