{"id":274,"date":"2024-05-04T12:15:59","date_gmt":"2024-05-04T16:15:59","guid":{"rendered":"https:\/\/www.casamercado.store\/anzoategui\/producto\/galletas-kraker-bran-belvita-9-unidades-232g\/"},"modified":"2026-03-04T17:07:13","modified_gmt":"2026-03-04T21:07:13","slug":"galletas-kraker-bran-belvita-9-unidades-232g","status":"publish","type":"product","link":"https:\/\/www.casamercado.store\/anzoategui\/producto\/galletas-kraker-bran-belvita-9-unidades-232g\/","title":{"rendered":"Galletas Kraker Bran Belvita 9 unidades 232g"},"content":{"rendered":"<p>Empieza tus ma\u00f1anas con energ\u00eda gracias a estas galletas nutritivas y deliciosas. Hechas con granos enteros y ricas en fibra, te ayudar\u00e1n a mantener un desayuno equilibrado.<\/p>\n","protected":false},"excerpt":{"rendered":"<p>Cero colesteroles y con afrecho integral. Disfruta de una opci\u00f3n nutritiva para tus ma\u00f1anas.<\/p>\n","protected":false},"featured_media":1380,"template":"","meta":[],"product_cat":[16,29],"product_tag":[35,42,30],"class_list":{"0":"post-274","1":"product","2":"type-product","3":"status-publish","4":"has-post-thumbnail","6":"product_cat-alimentos","7":"product_cat-dulces-y-snacks","8":"product_tag-galletas","9":"product_tag-gluten-free","10":"product_tag-snack","11":"pa_marca-nabisco","13":"first","14":"instock","15":"shipping-taxable","16":"purchasable","17":"product-type-simple"},"_links":{"self":[{"href":"https:\/\/www.casamercado.store\/anzoategui\/wp-json\/wp\/v2\/product\/274"}],"collection":[{"href":"https:\/\/www.casamercado.store\/anzoategui\/wp-json\/wp\/v2\/product"}],"about":[{"href":"https:\/\/www.casamercado.store\/anzoategui\/wp-json\/wp\/v2\/types\/product"}],"wp:featuredmedia":[{"embeddable":true,"href":"https:\/\/www.casamercado.store\/anzoategui\/wp-json\/wp\/v2\/media\/1380"}],"wp:attachment":[{"href":"https:\/\/www.casamercado.store\/anzoategui\/wp-json\/wp\/v2\/media?parent=274"}],"wp:term":[{"taxonomy":"product_cat","embeddable":true,"href":"https:\/\/www.casamercado.store\/anzoategui\/wp-json\/wp\/v2\/product_cat?post=274"},{"taxonomy":"product_tag","embeddable":true,"href":"https:\/\/www.casamercado.store\/anzoategui\/wp-json\/wp\/v2\/product_tag?post=274"}],"curies":[{"name":"wp","href":"https:\/\/api.w.org\/{rel}","templated":true}]}}