{"id":281,"date":"2024-05-04T12:16:13","date_gmt":"2024-05-04T16:16:13","guid":{"rendered":"https:\/\/www.casamercado.store\/anzoategui\/producto\/harina-pan-de-maiz-blanco-1kg\/"},"modified":"2026-04-17T11:18:24","modified_gmt":"2026-04-17T15:18:24","slug":"harina-pan-de-maiz-blanco-1kg","status":"publish","type":"product","link":"https:\/\/www.casamercado.store\/anzoategui\/producto\/harina-pan-de-maiz-blanco-1kg\/","title":{"rendered":"Harina Pan de Ma\u00edz Blanco 1Kg"},"content":{"rendered":"<p>Descubre la esencia de Venezuela en cada arepa con nuestra Harina de Ma\u00edz Blanco PAN. Calidad premium para tradici\u00f3n aut\u00e9ntica. Env\u00eda este ingrediente esencial a tus seres queridos y revive los sabores de casa.<\/p>\n","protected":false},"excerpt":{"rendered":"<p>\u00a1Arepas perfectas te esperan! Harina de ma\u00edz blanco, esencia venezolana.<\/p>\n","protected":false},"featured_media":1384,"template":"","meta":[],"product_cat":[16,17],"product_tag":[41],"class_list":{"0":"post-281","1":"product","2":"type-product","3":"status-publish","4":"has-post-thumbnail","6":"product_cat-alimentos","7":"product_cat-despensa","8":"product_tag-harinas","9":"pa_marca-alimentos-polar","11":"first","12":"instock","13":"shipping-taxable","14":"purchasable","15":"product-type-simple"},"_links":{"self":[{"href":"https:\/\/www.casamercado.store\/anzoategui\/wp-json\/wp\/v2\/product\/281"}],"collection":[{"href":"https:\/\/www.casamercado.store\/anzoategui\/wp-json\/wp\/v2\/product"}],"about":[{"href":"https:\/\/www.casamercado.store\/anzoategui\/wp-json\/wp\/v2\/types\/product"}],"wp:featuredmedia":[{"embeddable":true,"href":"https:\/\/www.casamercado.store\/anzoategui\/wp-json\/wp\/v2\/media\/1384"}],"wp:attachment":[{"href":"https:\/\/www.casamercado.store\/anzoategui\/wp-json\/wp\/v2\/media?parent=281"}],"wp:term":[{"taxonomy":"product_cat","embeddable":true,"href":"https:\/\/www.casamercado.store\/anzoategui\/wp-json\/wp\/v2\/product_cat?post=281"},{"taxonomy":"product_tag","embeddable":true,"href":"https:\/\/www.casamercado.store\/anzoategui\/wp-json\/wp\/v2\/product_tag?post=281"}],"curies":[{"name":"wp","href":"https:\/\/api.w.org\/{rel}","templated":true}]}}