{"id":292,"date":"2024-05-04T12:16:35","date_gmt":"2024-05-04T16:16:35","guid":{"rendered":"https:\/\/www.casamercado.store\/anzoategui\/producto\/harina-pan-de-maiz-blanco-y-arroz-1kg\/"},"modified":"2026-01-12T08:34:45","modified_gmt":"2026-01-12T12:34:45","slug":"harina-pan-de-maiz-blanco-y-arroz-1kg","status":"publish","type":"product","link":"https:\/\/www.casamercado.store\/anzoategui\/producto\/harina-pan-de-maiz-blanco-y-arroz-1kg\/","title":{"rendered":"Harina Pan de Ma\u00edz Blanco y Arroz 1Kg"},"content":{"rendered":"<p>Descubre la fusi\u00f3n perfecta en nuestra Harina de Ma\u00edz Blanco con Arroz PAN 1Kg. Ideal para platos \u00fanicos y deliciosos. Env\u00eda este producto a tus seres queridos y comparte la innovaci\u00f3n culinaria con el aut\u00e9ntico sabor venezolano.<\/p>\n","protected":false},"excerpt":{"rendered":"<p>\u00a1Fusi\u00f3n perfecta! Harina de ma\u00edz blanco con arroz, para platos \u00fanicos.<\/p>\n","protected":false},"featured_media":1396,"template":"","meta":[],"product_cat":[16,17],"product_tag":[41],"class_list":{"0":"post-292","1":"product","2":"type-product","3":"status-publish","4":"has-post-thumbnail","6":"product_cat-alimentos","7":"product_cat-despensa","8":"product_tag-harinas","9":"pa_marca-alimentos-polar","11":"first","12":"instock","13":"shipping-taxable","14":"purchasable","15":"product-type-simple"},"_links":{"self":[{"href":"https:\/\/www.casamercado.store\/anzoategui\/wp-json\/wp\/v2\/product\/292"}],"collection":[{"href":"https:\/\/www.casamercado.store\/anzoategui\/wp-json\/wp\/v2\/product"}],"about":[{"href":"https:\/\/www.casamercado.store\/anzoategui\/wp-json\/wp\/v2\/types\/product"}],"wp:featuredmedia":[{"embeddable":true,"href":"https:\/\/www.casamercado.store\/anzoategui\/wp-json\/wp\/v2\/media\/1396"}],"wp:attachment":[{"href":"https:\/\/www.casamercado.store\/anzoategui\/wp-json\/wp\/v2\/media?parent=292"}],"wp:term":[{"taxonomy":"product_cat","embeddable":true,"href":"https:\/\/www.casamercado.store\/anzoategui\/wp-json\/wp\/v2\/product_cat?post=292"},{"taxonomy":"product_tag","embeddable":true,"href":"https:\/\/www.casamercado.store\/anzoategui\/wp-json\/wp\/v2\/product_tag?post=292"}],"curies":[{"name":"wp","href":"https:\/\/api.w.org\/{rel}","templated":true}]}}