{"id":294,"date":"2024-05-04T12:16:39","date_gmt":"2024-05-04T16:16:39","guid":{"rendered":"https:\/\/www.casamercado.store\/anzoategui\/producto\/mezcla-para-preparar-arepitas-dulces-pan-500g\/"},"modified":"2026-01-11T12:23:16","modified_gmt":"2026-01-11T16:23:16","slug":"mezcla-para-preparar-arepitas-dulces-pan-500g","status":"publish","type":"product","link":"https:\/\/www.casamercado.store\/anzoategui\/producto\/mezcla-para-preparar-arepitas-dulces-pan-500g\/","title":{"rendered":"Mezcla para Preparar Arepitas Dulces Pan 500g"},"content":{"rendered":"<p>Disfruta de la dulzura venezolana con nuestra Mezcla para Preparar Arepitas Dulces Pan 500g. Preparaci\u00f3n f\u00e1cil para postres irresistibles. Env\u00eda esta mezcla a tus seres queridos y endulza sus d\u00edas con la aut\u00e9ntica tradici\u00f3n de Venezuela. Rinde para 20 Arepitas Dulces. Un productos con la calidad de Alimentos Polar<\/p>\n","protected":false},"excerpt":{"rendered":"<p>\u00a1Dulzura venezolana! Mezcla para arepitas dulces, preparaci\u00f3n f\u00e1cil.<\/p>\n","protected":false},"featured_media":1398,"template":"","meta":[],"product_cat":[16,17],"product_tag":[41,38],"class_list":{"0":"post-294","1":"product","2":"type-product","3":"status-publish","4":"has-post-thumbnail","6":"product_cat-alimentos","7":"product_cat-despensa","8":"product_tag-harinas","9":"product_tag-reposteria","10":"pa_marca-alimentos-polar","12":"first","13":"instock","14":"shipping-taxable","15":"purchasable","16":"product-type-simple"},"_links":{"self":[{"href":"https:\/\/www.casamercado.store\/anzoategui\/wp-json\/wp\/v2\/product\/294"}],"collection":[{"href":"https:\/\/www.casamercado.store\/anzoategui\/wp-json\/wp\/v2\/product"}],"about":[{"href":"https:\/\/www.casamercado.store\/anzoategui\/wp-json\/wp\/v2\/types\/product"}],"wp:featuredmedia":[{"embeddable":true,"href":"https:\/\/www.casamercado.store\/anzoategui\/wp-json\/wp\/v2\/media\/1398"}],"wp:attachment":[{"href":"https:\/\/www.casamercado.store\/anzoategui\/wp-json\/wp\/v2\/media?parent=294"}],"wp:term":[{"taxonomy":"product_cat","embeddable":true,"href":"https:\/\/www.casamercado.store\/anzoategui\/wp-json\/wp\/v2\/product_cat?post=294"},{"taxonomy":"product_tag","embeddable":true,"href":"https:\/\/www.casamercado.store\/anzoategui\/wp-json\/wp\/v2\/product_tag?post=294"}],"curies":[{"name":"wp","href":"https:\/\/api.w.org\/{rel}","templated":true}]}}