{"id":304,"date":"2024-05-04T12:16:57","date_gmt":"2024-05-04T16:16:57","guid":{"rendered":"https:\/\/www.casamercado.store\/anzoategui\/producto\/alimento-lacteo-en-polvo-parmalat-400g\/"},"modified":"2026-01-11T12:23:18","modified_gmt":"2026-01-11T16:23:18","slug":"alimento-lacteo-en-polvo-parmalat-400g","status":"publish","type":"product","link":"https:\/\/www.casamercado.store\/anzoategui\/producto\/alimento-lacteo-en-polvo-parmalat-400g\/","title":{"rendered":"Alimento L\u00e1cteo en Polvo Parmalat 400g"},"content":{"rendered":"<p>Una delicia que se intensifica en cada mezcla. Con vitaminas y minerales esenciales, este alimento l\u00e1cteo en polvo brinda beneficios para la salud. Env\u00eda este producto a tus seres queridos y permite que disfruten de la versatilidad y exquisito sabor de este alimento l\u00e1cteo en polvo.<\/p>\n","protected":false},"excerpt":{"rendered":"<p>Calcio, Hierro y Vitaminas A, C y D<\/p>\n","protected":false},"featured_media":1407,"template":"","meta":[],"product_cat":[16,17],"product_tag":[34,21,53],"class_list":{"0":"post-304","1":"product","2":"type-product","3":"status-publish","4":"has-post-thumbnail","6":"product_cat-alimentos","7":"product_cat-despensa","8":"product_tag-bebidas-en-polvo","9":"product_tag-lacteos-y-derivados","10":"product_tag-nutricion-infantil","11":"pa_marca-parmalat","13":"first","14":"instock","15":"shipping-taxable","16":"purchasable","17":"product-type-simple"},"_links":{"self":[{"href":"https:\/\/www.casamercado.store\/anzoategui\/wp-json\/wp\/v2\/product\/304"}],"collection":[{"href":"https:\/\/www.casamercado.store\/anzoategui\/wp-json\/wp\/v2\/product"}],"about":[{"href":"https:\/\/www.casamercado.store\/anzoategui\/wp-json\/wp\/v2\/types\/product"}],"wp:featuredmedia":[{"embeddable":true,"href":"https:\/\/www.casamercado.store\/anzoategui\/wp-json\/wp\/v2\/media\/1407"}],"wp:attachment":[{"href":"https:\/\/www.casamercado.store\/anzoategui\/wp-json\/wp\/v2\/media?parent=304"}],"wp:term":[{"taxonomy":"product_cat","embeddable":true,"href":"https:\/\/www.casamercado.store\/anzoategui\/wp-json\/wp\/v2\/product_cat?post=304"},{"taxonomy":"product_tag","embeddable":true,"href":"https:\/\/www.casamercado.store\/anzoategui\/wp-json\/wp\/v2\/product_tag?post=304"}],"curies":[{"name":"wp","href":"https:\/\/api.w.org\/{rel}","templated":true}]}}