{"id":325,"date":"2024-05-04T12:18:21","date_gmt":"2024-05-04T16:18:21","guid":{"rendered":"https:\/\/www.casamercado.store\/anzoategui\/producto\/toronto-avellanas-cubiertas-con-chocolate-bolsa-125g\/"},"modified":"2026-01-11T12:23:24","modified_gmt":"2026-01-11T16:23:24","slug":"toronto-avellanas-cubiertas-con-chocolate-bolsa-125g","status":"publish","type":"product","link":"https:\/\/www.casamercado.store\/anzoategui\/producto\/toronto-avellanas-cubiertas-con-chocolate-bolsa-125g\/","title":{"rendered":"TORONTO Avellanas Cubiertas con Chocolate Bolsa 125g"},"content":{"rendered":"<p>Aviso importante: Contiene Gluten. Este producto puede contener Man\u00ed, Almendras y Soya.Los ni\u00f1os peque\u00f1os (menores de 4 a\u00f1os) tienen habilidades limitadas para masticar y podr\u00edan ahogarse con dulces peque\u00f1os.<\/p>\n","protected":false},"excerpt":{"rendered":"<p>Es una presentaci\u00f3n de 125 g de avellanas cubiertas con chocolate. Ideal para obsequiar y para ocasiones especiales.<\/p>\n","protected":false},"featured_media":1434,"template":"","meta":[],"product_cat":[16,29],"product_tag":[92,93,30],"class_list":{"0":"post-325","1":"product","2":"type-product","3":"status-publish","4":"has-post-thumbnail","6":"product_cat-alimentos","7":"product_cat-dulces-y-snacks","8":"product_tag-chocolates-y-bombones","9":"product_tag-frutos-secos-y-semillas","10":"product_tag-snack","11":"pa_marca-nestle","13":"first","14":"instock","15":"shipping-taxable","16":"purchasable","17":"product-type-simple"},"_links":{"self":[{"href":"https:\/\/www.casamercado.store\/anzoategui\/wp-json\/wp\/v2\/product\/325"}],"collection":[{"href":"https:\/\/www.casamercado.store\/anzoategui\/wp-json\/wp\/v2\/product"}],"about":[{"href":"https:\/\/www.casamercado.store\/anzoategui\/wp-json\/wp\/v2\/types\/product"}],"wp:featuredmedia":[{"embeddable":true,"href":"https:\/\/www.casamercado.store\/anzoategui\/wp-json\/wp\/v2\/media\/1434"}],"wp:attachment":[{"href":"https:\/\/www.casamercado.store\/anzoategui\/wp-json\/wp\/v2\/media?parent=325"}],"wp:term":[{"taxonomy":"product_cat","embeddable":true,"href":"https:\/\/www.casamercado.store\/anzoategui\/wp-json\/wp\/v2\/product_cat?post=325"},{"taxonomy":"product_tag","embeddable":true,"href":"https:\/\/www.casamercado.store\/anzoategui\/wp-json\/wp\/v2\/product_tag?post=325"}],"curies":[{"name":"wp","href":"https:\/\/api.w.org\/{rel}","templated":true}]}}