{"id":353,"date":"2024-05-04T12:19:17","date_gmt":"2024-05-04T16:19:17","guid":{"rendered":"https:\/\/www.casamercado.store\/anzoategui\/producto\/cocossette-maxi-50g\/"},"modified":"2026-01-11T12:23:38","modified_gmt":"2026-01-11T16:23:38","slug":"cocossette-maxi-50g","status":"publish","type":"product","link":"https:\/\/www.casamercado.store\/anzoategui\/producto\/cocossette-maxi-50g\/","title":{"rendered":"Cocossette Maxi 50g"},"content":{"rendered":"<p>COCOSETTE es el beso que conecta a trav\u00e9s de una crujiente galleta tipo wafer con inigualable sabor a coco que crea el momento perfecto. Esta excelente combinaci\u00f3n de sabores har\u00e1 despertar tus sentidos y hacer de cada beso un momento ideal. Pru\u00e9balo y te lo comer\u00e1s a besos.<\/p>\n","protected":false},"excerpt":{"rendered":"<p>Crujiente galleta tipo wafer rellena con una crema sabor a coco<\/p>\n","protected":false},"featured_media":1483,"template":"","meta":[],"product_cat":[16,29],"product_tag":[92,35,30],"class_list":{"0":"post-353","1":"product","2":"type-product","3":"status-publish","4":"has-post-thumbnail","6":"product_cat-alimentos","7":"product_cat-dulces-y-snacks","8":"product_tag-chocolates-y-bombones","9":"product_tag-galletas","10":"product_tag-snack","11":"pa_marca-nestle","13":"first","14":"instock","15":"shipping-taxable","16":"purchasable","17":"product-type-simple"},"_links":{"self":[{"href":"https:\/\/www.casamercado.store\/anzoategui\/wp-json\/wp\/v2\/product\/353"}],"collection":[{"href":"https:\/\/www.casamercado.store\/anzoategui\/wp-json\/wp\/v2\/product"}],"about":[{"href":"https:\/\/www.casamercado.store\/anzoategui\/wp-json\/wp\/v2\/types\/product"}],"wp:featuredmedia":[{"embeddable":true,"href":"https:\/\/www.casamercado.store\/anzoategui\/wp-json\/wp\/v2\/media\/1483"}],"wp:attachment":[{"href":"https:\/\/www.casamercado.store\/anzoategui\/wp-json\/wp\/v2\/media?parent=353"}],"wp:term":[{"taxonomy":"product_cat","embeddable":true,"href":"https:\/\/www.casamercado.store\/anzoategui\/wp-json\/wp\/v2\/product_cat?post=353"},{"taxonomy":"product_tag","embeddable":true,"href":"https:\/\/www.casamercado.store\/anzoategui\/wp-json\/wp\/v2\/product_tag?post=353"}],"curies":[{"name":"wp","href":"https:\/\/api.w.org\/{rel}","templated":true}]}}