{"id":444,"date":"2024-05-04T12:22:14","date_gmt":"2024-05-04T16:22:14","guid":{"rendered":"https:\/\/www.casamercado.store\/anzoategui\/producto\/cafe-madrid-250gr\/"},"modified":"2026-01-11T12:24:23","modified_gmt":"2026-01-11T16:24:23","slug":"cafe-madrid-250gr","status":"publish","type":"product","link":"https:\/\/www.casamercado.store\/anzoategui\/producto\/cafe-madrid-250gr\/","title":{"rendered":"Caf\u00e9 Madrid 250gr"},"content":{"rendered":"<p>Caf\u00e9 Madrid es el resultado de la meticulosa elecci\u00f3n de los mejores granos 100% Ar\u00e1bica. Se ha elaborado con las mejores t\u00e9cnicas y controles de calidad para ofrecer un caf\u00e9 con aroma, sabor y cuerpo intenso. Es perfecto para el consumo diario en familia o con amigos, ya que ofrece diferentes formas de preparaci\u00f3n: adem\u00e1s, tiene el sello NORVEN que lo avala como un producto de calidad superior. Esta ic\u00f3nica marca se destaca por innovar constantemente y traer las nuevas tendencias en materia del caf\u00e9 venezolano al mercado local. Caf\u00e9 Madrid: El deleite perfecto para disfrutar a cualquier hora.<\/p>\n","protected":false},"excerpt":{"rendered":"<p>Caf\u00e9 Molido 100% Puro<\/p>\n","protected":false},"featured_media":1586,"template":"","meta":[],"product_cat":[16,17],"product_tag":[33],"class_list":{"0":"post-444","1":"product","2":"type-product","3":"status-publish","4":"has-post-thumbnail","6":"product_cat-alimentos","7":"product_cat-despensa","8":"product_tag-cafe-y-te","9":"pa_marca-madrid","11":"first","12":"instock","13":"shipping-taxable","14":"purchasable","15":"product-type-simple"},"_links":{"self":[{"href":"https:\/\/www.casamercado.store\/anzoategui\/wp-json\/wp\/v2\/product\/444"}],"collection":[{"href":"https:\/\/www.casamercado.store\/anzoategui\/wp-json\/wp\/v2\/product"}],"about":[{"href":"https:\/\/www.casamercado.store\/anzoategui\/wp-json\/wp\/v2\/types\/product"}],"wp:featuredmedia":[{"embeddable":true,"href":"https:\/\/www.casamercado.store\/anzoategui\/wp-json\/wp\/v2\/media\/1586"}],"wp:attachment":[{"href":"https:\/\/www.casamercado.store\/anzoategui\/wp-json\/wp\/v2\/media?parent=444"}],"wp:term":[{"taxonomy":"product_cat","embeddable":true,"href":"https:\/\/www.casamercado.store\/anzoategui\/wp-json\/wp\/v2\/product_cat?post=444"},{"taxonomy":"product_tag","embeddable":true,"href":"https:\/\/www.casamercado.store\/anzoategui\/wp-json\/wp\/v2\/product_tag?post=444"}],"curies":[{"name":"wp","href":"https:\/\/api.w.org\/{rel}","templated":true}]}}