{"id":474,"date":"2024-05-04T12:23:12","date_gmt":"2024-05-04T16:23:12","guid":{"rendered":"https:\/\/www.casamercado.store\/anzoategui\/producto\/infusion-dulces-suenos-mccormick-20-unidades\/"},"modified":"2026-01-11T12:24:34","modified_gmt":"2026-01-11T16:24:34","slug":"infusion-dulces-suenos-mccormick-20-unidades","status":"publish","type":"product","link":"https:\/\/www.casamercado.store\/anzoategui\/producto\/infusion-dulces-suenos-mccormick-20-unidades\/","title":{"rendered":"Infusi\u00f3n Dulces Sue\u00f1os McCormick 20 unidades"},"content":{"rendered":"<p>Es una infusi\u00f3n reforzada que re\u00fane las propiedades del tilo, la cayena, los p\u00e9talos de rosa, el toronjil y el malojillo, lo que permite experimentar una verdadera tranquilidad y armon\u00eda durante toda la noche. Es la manera perfecta y natural de alcanzar un sue\u00f1o profundo y reparador. Deliciosamente aromatizada con un delicado toque de frutas silvestres y un agradable color que es producido por las rojizas flores de la cayena.<\/p>\n","protected":false},"excerpt":{"rendered":"<p>La manera perfecta y natural de alcanzar un sue\u00f1o profundo con un delicioso toque de frutas silvestres<\/p>\n","protected":false},"featured_media":1619,"template":"","meta":[],"product_cat":[16,17],"product_tag":[33],"class_list":{"0":"post-474","1":"product","2":"type-product","3":"status-publish","4":"has-post-thumbnail","6":"product_cat-alimentos","7":"product_cat-despensa","8":"product_tag-cafe-y-te","9":"pa_marca-mccormick","11":"first","12":"instock","13":"shipping-taxable","14":"purchasable","15":"product-type-simple"},"_links":{"self":[{"href":"https:\/\/www.casamercado.store\/anzoategui\/wp-json\/wp\/v2\/product\/474"}],"collection":[{"href":"https:\/\/www.casamercado.store\/anzoategui\/wp-json\/wp\/v2\/product"}],"about":[{"href":"https:\/\/www.casamercado.store\/anzoategui\/wp-json\/wp\/v2\/types\/product"}],"wp:featuredmedia":[{"embeddable":true,"href":"https:\/\/www.casamercado.store\/anzoategui\/wp-json\/wp\/v2\/media\/1619"}],"wp:attachment":[{"href":"https:\/\/www.casamercado.store\/anzoategui\/wp-json\/wp\/v2\/media?parent=474"}],"wp:term":[{"taxonomy":"product_cat","embeddable":true,"href":"https:\/\/www.casamercado.store\/anzoategui\/wp-json\/wp\/v2\/product_cat?post=474"},{"taxonomy":"product_tag","embeddable":true,"href":"https:\/\/www.casamercado.store\/anzoategui\/wp-json\/wp\/v2\/product_tag?post=474"}],"curies":[{"name":"wp","href":"https:\/\/api.w.org\/{rel}","templated":true}]}}