{"id":565,"date":"2024-05-04T12:26:11","date_gmt":"2024-05-04T16:26:11","guid":{"rendered":"https:\/\/www.casamercado.store\/anzoategui\/producto\/azucar-refinada-montalban-1kg\/"},"modified":"2026-04-17T11:18:24","modified_gmt":"2026-04-17T15:18:24","slug":"azucar-refinada-montalban-1kg","status":"publish","type":"product","link":"https:\/\/www.casamercado.store\/anzoategui\/producto\/azucar-refinada-montalban-1kg\/","title":{"rendered":"Az\u00facar Refinada Montalban 1Kg"},"content":{"rendered":"","protected":false},"excerpt":{"rendered":"<p>De f\u00e1cil disoluci\u00f3n<\/p>\n","protected":false},"featured_media":1715,"template":"","meta":[],"product_cat":[16,17],"product_tag":[33,26,38],"class_list":{"0":"post-565","1":"product","2":"type-product","3":"status-publish","4":"has-post-thumbnail","6":"product_cat-alimentos","7":"product_cat-despensa","8":"product_tag-cafe-y-te","9":"product_tag-condimentos","10":"product_tag-reposteria","11":"pa_marca-montalban","13":"first","14":"instock","15":"shipping-taxable","16":"purchasable","17":"product-type-simple"},"_links":{"self":[{"href":"https:\/\/www.casamercado.store\/anzoategui\/wp-json\/wp\/v2\/product\/565"}],"collection":[{"href":"https:\/\/www.casamercado.store\/anzoategui\/wp-json\/wp\/v2\/product"}],"about":[{"href":"https:\/\/www.casamercado.store\/anzoategui\/wp-json\/wp\/v2\/types\/product"}],"wp:featuredmedia":[{"embeddable":true,"href":"https:\/\/www.casamercado.store\/anzoategui\/wp-json\/wp\/v2\/media\/1715"}],"wp:attachment":[{"href":"https:\/\/www.casamercado.store\/anzoategui\/wp-json\/wp\/v2\/media?parent=565"}],"wp:term":[{"taxonomy":"product_cat","embeddable":true,"href":"https:\/\/www.casamercado.store\/anzoategui\/wp-json\/wp\/v2\/product_cat?post=565"},{"taxonomy":"product_tag","embeddable":true,"href":"https:\/\/www.casamercado.store\/anzoategui\/wp-json\/wp\/v2\/product_tag?post=565"}],"curies":[{"name":"wp","href":"https:\/\/api.w.org\/{rel}","templated":true}]}}