{"id":652,"date":"2024-05-04T12:29:00","date_gmt":"2024-05-04T16:29:00","guid":{"rendered":"https:\/\/www.casamercado.store\/anzoategui\/producto\/jugo-de-naranja-justy-1-5l\/"},"modified":"2026-01-11T11:43:59","modified_gmt":"2026-01-11T15:43:59","slug":"jugo-de-naranja-justy-1-5l","status":"publish","type":"product","link":"https:\/\/www.casamercado.store\/anzoategui\/producto\/jugo-de-naranja-justy-1-5l\/","title":{"rendered":"Jugo de Naranja Justy 1.5L"},"content":{"rendered":"<p>Agua, az\u00facar, concentrado l\u00edquido para bebida de naranja, goma x\u00e1ntica, benzoato de sodio, \u00e1cido asc\u00f3rbico, sorbato de potasio, colorantes artificiales. (Contiene amarillo N\u00b0 5 y N\u00b0 6).<\/p>\n","protected":false},"excerpt":{"rendered":"<p>Bebida con sabor a naranja &#8230;rico sabor a frutas!<\/p>\n","protected":false},"featured_media":1800,"template":"","meta":[],"product_cat":[16,32],"product_tag":[36,54],"class_list":{"0":"post-652","1":"product","2":"type-product","3":"status-publish","4":"has-post-thumbnail","6":"product_cat-alimentos","7":"product_cat-bebidas","8":"product_tag-articulos-para-fiestas","9":"product_tag-jugos","10":"pa_marca-justy","12":"first","13":"instock","14":"shipping-taxable","15":"purchasable","16":"product-type-simple"},"_links":{"self":[{"href":"https:\/\/www.casamercado.store\/anzoategui\/wp-json\/wp\/v2\/product\/652"}],"collection":[{"href":"https:\/\/www.casamercado.store\/anzoategui\/wp-json\/wp\/v2\/product"}],"about":[{"href":"https:\/\/www.casamercado.store\/anzoategui\/wp-json\/wp\/v2\/types\/product"}],"wp:featuredmedia":[{"embeddable":true,"href":"https:\/\/www.casamercado.store\/anzoategui\/wp-json\/wp\/v2\/media\/1800"}],"wp:attachment":[{"href":"https:\/\/www.casamercado.store\/anzoategui\/wp-json\/wp\/v2\/media?parent=652"}],"wp:term":[{"taxonomy":"product_cat","embeddable":true,"href":"https:\/\/www.casamercado.store\/anzoategui\/wp-json\/wp\/v2\/product_cat?post=652"},{"taxonomy":"product_tag","embeddable":true,"href":"https:\/\/www.casamercado.store\/anzoategui\/wp-json\/wp\/v2\/product_tag?post=652"}],"curies":[{"name":"wp","href":"https:\/\/api.w.org\/{rel}","templated":true}]}}