{"id":795,"date":"2024-05-04T12:33:41","date_gmt":"2024-05-04T16:33:41","guid":{"rendered":"https:\/\/www.casamercado.store\/anzoategui\/producto\/aji-dulce-venezolano-250g\/"},"modified":"2026-04-17T11:18:29","modified_gmt":"2026-04-17T15:18:29","slug":"aji-dulce-venezolano-250g","status":"publish","type":"product","link":"https:\/\/www.casamercado.store\/anzoategui\/producto\/aji-dulce-venezolano-250g\/","title":{"rendered":"Aj\u00ed dulce venezolano 250g"},"content":{"rendered":"","protected":false},"excerpt":{"rendered":"<p>Es un sabor b\u00e1sico de la gastronom\u00eda venezolana<\/p>\n","protected":false},"featured_media":1979,"template":"","meta":[],"product_cat":[16,56],"product_tag":[26,28],"class_list":{"0":"post-795","1":"product","2":"type-product","3":"status-publish","4":"has-post-thumbnail","6":"product_cat-alimentos","7":"product_cat-frutas-y-vegetales","8":"product_tag-condimentos","9":"product_tag-vegetales","10":"pa_marca-nacional","12":"first","13":"instock","14":"shipping-taxable","15":"purchasable","16":"product-type-simple"},"_links":{"self":[{"href":"https:\/\/www.casamercado.store\/anzoategui\/wp-json\/wp\/v2\/product\/795"}],"collection":[{"href":"https:\/\/www.casamercado.store\/anzoategui\/wp-json\/wp\/v2\/product"}],"about":[{"href":"https:\/\/www.casamercado.store\/anzoategui\/wp-json\/wp\/v2\/types\/product"}],"wp:featuredmedia":[{"embeddable":true,"href":"https:\/\/www.casamercado.store\/anzoategui\/wp-json\/wp\/v2\/media\/1979"}],"wp:attachment":[{"href":"https:\/\/www.casamercado.store\/anzoategui\/wp-json\/wp\/v2\/media?parent=795"}],"wp:term":[{"taxonomy":"product_cat","embeddable":true,"href":"https:\/\/www.casamercado.store\/anzoategui\/wp-json\/wp\/v2\/product_cat?post=795"},{"taxonomy":"product_tag","embeddable":true,"href":"https:\/\/www.casamercado.store\/anzoategui\/wp-json\/wp\/v2\/product_tag?post=795"}],"curies":[{"name":"wp","href":"https:\/\/api.w.org\/{rel}","templated":true}]}}