{"id":858,"date":"2024-05-04T12:35:42","date_gmt":"2024-05-04T16:35:42","guid":{"rendered":"https:\/\/www.casamercado.store\/anzoategui\/producto\/huevos-frescos-30-unidades\/"},"modified":"2026-04-30T06:36:18","modified_gmt":"2026-04-30T10:36:18","slug":"huevos-frescos-30-unidades","status":"publish","type":"product","link":"https:\/\/www.casamercado.store\/anzoategui\/producto\/huevos-frescos-30-unidades\/","title":{"rendered":"Huevos Frescos 30 unidades"},"content":{"rendered":"<p>Ricos en prote\u00ednas y vitaminas. Los huevos frescos son un alimento b\u00e1sico en la cocina, ya que se pueden preparar de muchas formas: fritos, revueltos, cocidos, en tortilla, en ensalada, en reposter\u00eda, etc. Los huevos frescos te aportan energ\u00eda, fortalecen tus m\u00fasculos, mejoran tu vista y tu memoria, y previenen la anemia.<\/p>\n","protected":false},"excerpt":{"rendered":"<p>Huevos de gallina frescos y nutritivos<\/p>\n","protected":false},"featured_media":2059,"template":"","meta":[],"product_cat":[16,19],"product_tag":[212,53,38],"class_list":{"0":"post-858","1":"product","2":"type-product","3":"status-publish","4":"has-post-thumbnail","6":"product_cat-alimentos","7":"product_cat-charcuteria","8":"product_tag-huevos","9":"product_tag-nutricion-infantil","10":"product_tag-reposteria","11":"pa_marca-nacional","13":"first","14":"instock","15":"sale","16":"shipping-taxable","17":"purchasable","18":"product-type-simple"},"_links":{"self":[{"href":"https:\/\/www.casamercado.store\/anzoategui\/wp-json\/wp\/v2\/product\/858"}],"collection":[{"href":"https:\/\/www.casamercado.store\/anzoategui\/wp-json\/wp\/v2\/product"}],"about":[{"href":"https:\/\/www.casamercado.store\/anzoategui\/wp-json\/wp\/v2\/types\/product"}],"wp:featuredmedia":[{"embeddable":true,"href":"https:\/\/www.casamercado.store\/anzoategui\/wp-json\/wp\/v2\/media\/2059"}],"wp:attachment":[{"href":"https:\/\/www.casamercado.store\/anzoategui\/wp-json\/wp\/v2\/media?parent=858"}],"wp:term":[{"taxonomy":"product_cat","embeddable":true,"href":"https:\/\/www.casamercado.store\/anzoategui\/wp-json\/wp\/v2\/product_cat?post=858"},{"taxonomy":"product_tag","embeddable":true,"href":"https:\/\/www.casamercado.store\/anzoategui\/wp-json\/wp\/v2\/product_tag?post=858"}],"curies":[{"name":"wp","href":"https:\/\/api.w.org\/{rel}","templated":true}]}}