{"id":918,"date":"2024-05-04T12:37:36","date_gmt":"2024-05-04T16:37:36","guid":{"rendered":"https:\/\/www.casamercado.store\/anzoategui\/producto\/uvas-pasas-350g\/"},"modified":"2026-01-11T10:58:51","modified_gmt":"2026-01-11T14:58:51","slug":"uvas-pasas-350g","status":"publish","type":"product","link":"https:\/\/www.casamercado.store\/anzoategui\/producto\/uvas-pasas-350g\/","title":{"rendered":"Uvas Pasas 350g aprox."},"content":{"rendered":"<p>Las uvas pasas son una excelente fuente de energ\u00eda, fibra y antioxidantes naturales. Puedes disfrutarlas solas como un snack saludable, a\u00f1adirlas a cereales, yogures, postres y platos de carne o incluirlas en recetas de panader\u00eda y reposter\u00eda. Descubre su sabor dulce y su capacidad para realzar tus platos con nuestras uvas pasas<\/p>\n","protected":false},"excerpt":{"rendered":"<p>Una opci\u00f3n dulce y vers\u00e1til para disfrutar en cualquier momento<\/p>\n","protected":false},"featured_media":2124,"template":"","meta":[],"product_cat":[16,56],"product_tag":[91,93,74],"class_list":{"0":"post-918","1":"product","2":"type-product","3":"status-publish","4":"has-post-thumbnail","6":"product_cat-alimentos","7":"product_cat-frutas-y-vegetales","8":"product_tag-deshidratados","9":"product_tag-frutos-secos-y-semillas","10":"product_tag-navidad","11":"pa_marca-importado","13":"first","14":"instock","15":"featured","16":"shipping-taxable","17":"purchasable","18":"product-type-simple"},"_links":{"self":[{"href":"https:\/\/www.casamercado.store\/anzoategui\/wp-json\/wp\/v2\/product\/918"}],"collection":[{"href":"https:\/\/www.casamercado.store\/anzoategui\/wp-json\/wp\/v2\/product"}],"about":[{"href":"https:\/\/www.casamercado.store\/anzoategui\/wp-json\/wp\/v2\/types\/product"}],"wp:featuredmedia":[{"embeddable":true,"href":"https:\/\/www.casamercado.store\/anzoategui\/wp-json\/wp\/v2\/media\/2124"}],"wp:attachment":[{"href":"https:\/\/www.casamercado.store\/anzoategui\/wp-json\/wp\/v2\/media?parent=918"}],"wp:term":[{"taxonomy":"product_cat","embeddable":true,"href":"https:\/\/www.casamercado.store\/anzoategui\/wp-json\/wp\/v2\/product_cat?post=918"},{"taxonomy":"product_tag","embeddable":true,"href":"https:\/\/www.casamercado.store\/anzoategui\/wp-json\/wp\/v2\/product_tag?post=918"}],"curies":[{"name":"wp","href":"https:\/\/api.w.org\/{rel}","templated":true}]}}