{"id":924,"date":"2024-05-04T12:37:47","date_gmt":"2024-05-04T16:37:47","guid":{"rendered":"https:\/\/www.casamercado.store\/anzoategui\/producto\/aceitunas-rellenas-de-pimientos-la-giralda-490g\/"},"modified":"2026-01-11T10:58:56","modified_gmt":"2026-01-11T14:58:56","slug":"aceitunas-rellenas-de-pimientos-la-giralda-490g","status":"publish","type":"product","link":"https:\/\/www.casamercado.store\/anzoategui\/producto\/aceitunas-rellenas-de-pimientos-la-giralda-490g\/","title":{"rendered":"Aceitunas rellenas de pimientos La Giralda 490g"},"content":{"rendered":"<p>Nuestras aceitunas rellenas de pimientos de La Giralda son el complemento perfecto para tus momentos de aperitivo. Con su sabor \u00fanico y su relleno sabroso, estas aceitunas son una opci\u00f3n vers\u00e1til que puedes disfrutar solas o como parte de tus recetas favoritas. Su textura jugosa y su equilibrio de sabores salados y ligeramente picantes te deleitar\u00e1n con cada bocado. A\u00f1ade un toque de distinci\u00f3n a tus celebraciones o simplemente date un capricho durante tu tiempo de relax con nuestras aceitunas rellenas de pimientos de La Giralda<\/p>\n","protected":false},"excerpt":{"rendered":"<p>Rellenas con pimientos sin hueso<\/p>\n","protected":false},"featured_media":1419,"template":"","meta":[],"product_cat":[16,17],"product_tag":[25,74,30],"class_list":{"0":"post-924","1":"product","2":"type-product","3":"status-publish","4":"has-post-thumbnail","6":"product_cat-alimentos","7":"product_cat-despensa","8":"product_tag-enlatados","9":"product_tag-navidad","10":"product_tag-snack","11":"pa_marca-la-giralda","13":"first","14":"instock","15":"shipping-taxable","16":"purchasable","17":"product-type-simple"},"_links":{"self":[{"href":"https:\/\/www.casamercado.store\/anzoategui\/wp-json\/wp\/v2\/product\/924"}],"collection":[{"href":"https:\/\/www.casamercado.store\/anzoategui\/wp-json\/wp\/v2\/product"}],"about":[{"href":"https:\/\/www.casamercado.store\/anzoategui\/wp-json\/wp\/v2\/types\/product"}],"wp:featuredmedia":[{"embeddable":true,"href":"https:\/\/www.casamercado.store\/anzoategui\/wp-json\/wp\/v2\/media\/1419"}],"wp:attachment":[{"href":"https:\/\/www.casamercado.store\/anzoategui\/wp-json\/wp\/v2\/media?parent=924"}],"wp:term":[{"taxonomy":"product_cat","embeddable":true,"href":"https:\/\/www.casamercado.store\/anzoategui\/wp-json\/wp\/v2\/product_cat?post=924"},{"taxonomy":"product_tag","embeddable":true,"href":"https:\/\/www.casamercado.store\/anzoategui\/wp-json\/wp\/v2\/product_tag?post=924"}],"curies":[{"name":"wp","href":"https:\/\/api.w.org\/{rel}","templated":true}]}}