{"id":968,"date":"2024-05-05T07:21:37","date_gmt":"2024-05-05T11:21:37","guid":{"rendered":"https:\/\/www.casamercado.store\/anzoategui\/producto\/shampoo-pro-v-restauracion-sin-sal-pantene-400ml\/"},"modified":"2026-01-09T19:02:53","modified_gmt":"2026-01-09T23:02:53","slug":"shampoo-pro-v-restauracion-sin-sal-pantene-400ml","status":"publish","type":"product","link":"https:\/\/www.casamercado.store\/anzoategui\/producto\/shampoo-pro-v-restauracion-sin-sal-pantene-400ml\/","title":{"rendered":"Shampoo Pro-V Restauraci\u00f3n sin Sal Pantene 400ml"},"content":{"rendered":"<p>Ayuda a reparar el da\u00f1o desde el primer uso. El nuevo Pantene tiene tecnolog\u00eda inteligente que act\u00faa donde el cabello m\u00e1s lo necesita. Cabello largo y m\u00e1s fuerte hasta las puntas. Para una restauraci\u00f3n completa en tu cabello utiliza toda la l\u00ednea Pantene Restauraci\u00f3n. Pantene, la marca n\u00famero 1 en el mundo en Cuidado del Cabello.<\/p>\n","protected":false},"excerpt":{"rendered":"<p>Shampoo Pantene Pro-V Restauraci\u00f3n fortalece el cabello maltratado, previene las puntas abiertas y le brinda suavidad<\/p>\n","protected":false},"featured_media":2175,"template":"","meta":[],"product_cat":[224,230],"product_tag":[238,231],"class_list":{"0":"post-968","1":"product","2":"type-product","3":"status-publish","4":"has-post-thumbnail","6":"product_cat-cuidado-personal","7":"product_cat-cuidado-capilar","8":"product_tag-champu-y-acondicionador","9":"product_tag-tratamientos-para-el-cabello","10":"pa_marca-pantene","12":"first","13":"instock","14":"shipping-taxable","15":"purchasable","16":"product-type-simple"},"_links":{"self":[{"href":"https:\/\/www.casamercado.store\/anzoategui\/wp-json\/wp\/v2\/product\/968"}],"collection":[{"href":"https:\/\/www.casamercado.store\/anzoategui\/wp-json\/wp\/v2\/product"}],"about":[{"href":"https:\/\/www.casamercado.store\/anzoategui\/wp-json\/wp\/v2\/types\/product"}],"wp:featuredmedia":[{"embeddable":true,"href":"https:\/\/www.casamercado.store\/anzoategui\/wp-json\/wp\/v2\/media\/2175"}],"wp:attachment":[{"href":"https:\/\/www.casamercado.store\/anzoategui\/wp-json\/wp\/v2\/media?parent=968"}],"wp:term":[{"taxonomy":"product_cat","embeddable":true,"href":"https:\/\/www.casamercado.store\/anzoategui\/wp-json\/wp\/v2\/product_cat?post=968"},{"taxonomy":"product_tag","embeddable":true,"href":"https:\/\/www.casamercado.store\/anzoategui\/wp-json\/wp\/v2\/product_tag?post=968"}],"curies":[{"name":"wp","href":"https:\/\/api.w.org\/{rel}","templated":true}]}}