{"id":979,"date":"2024-05-05T07:21:43","date_gmt":"2024-05-05T11:21:43","guid":{"rendered":"https:\/\/www.casamercado.store\/anzoategui\/producto\/jabon-de-tocador-sensacion-humectante-palmolive-100g\/"},"modified":"2026-01-10T15:18:59","modified_gmt":"2026-01-10T19:18:59","slug":"jabon-de-tocador-sensacion-humectante-palmolive-100g","status":"publish","type":"product","link":"https:\/\/www.casamercado.store\/anzoategui\/producto\/jabon-de-tocador-sensacion-humectante-palmolive-100g\/","title":{"rendered":"Jab\u00f3n de Tocador Sensaci\u00f3n Humectante Palmolive 100g"},"content":{"rendered":"","protected":false},"excerpt":{"rendered":"<p>Sensaci\u00f3n humectante y piel radiante y suave<\/p>\n","protected":false},"featured_media":2238,"template":"","meta":[],"product_cat":[224,237],"product_tag":[232],"class_list":{"0":"post-979","1":"product","2":"type-product","3":"status-publish","4":"has-post-thumbnail","6":"product_cat-cuidado-personal","7":"product_cat-cuidado-de-la-piel","8":"product_tag-jabones","9":"pa_marca-colgate-palmolive","11":"first","12":"instock","13":"shipping-taxable","14":"purchasable","15":"product-type-simple"},"_links":{"self":[{"href":"https:\/\/www.casamercado.store\/anzoategui\/wp-json\/wp\/v2\/product\/979"}],"collection":[{"href":"https:\/\/www.casamercado.store\/anzoategui\/wp-json\/wp\/v2\/product"}],"about":[{"href":"https:\/\/www.casamercado.store\/anzoategui\/wp-json\/wp\/v2\/types\/product"}],"wp:featuredmedia":[{"embeddable":true,"href":"https:\/\/www.casamercado.store\/anzoategui\/wp-json\/wp\/v2\/media\/2238"}],"wp:attachment":[{"href":"https:\/\/www.casamercado.store\/anzoategui\/wp-json\/wp\/v2\/media?parent=979"}],"wp:term":[{"taxonomy":"product_cat","embeddable":true,"href":"https:\/\/www.casamercado.store\/anzoategui\/wp-json\/wp\/v2\/product_cat?post=979"},{"taxonomy":"product_tag","embeddable":true,"href":"https:\/\/www.casamercado.store\/anzoategui\/wp-json\/wp\/v2\/product_tag?post=979"}],"curies":[{"name":"wp","href":"https:\/\/api.w.org\/{rel}","templated":true}]}}